{"id":1742,"date":"2015-12-08T11:16:03","date_gmt":"2015-12-08T09:16:03","guid":{"rendered":"http:\/\/www.targaltinternetis.ee\/en\/opetajatele\/"},"modified":"2025-11-13T09:50:47","modified_gmt":"2025-11-13T07:50:47","slug":"for-teachers","status":"publish","type":"page","link":"https:\/\/www.targaltinternetis.ee\/en\/for-teachers\/","title":{"rendered":"For teachers"},"content":{"rendered":"&#13;\n<p>Hea \u00f5petaja!<\/p>&#13;\n<p><a href=\"https:\/\/www.targaltinternetis.ee\/opetajatele\/koostoos-teadlikumaks-interneti-kasutajaks\/\"><img loading=\"lazy\" decoding=\"async\" class=\"alignright wp-image-13198\" src=\"https:\/\/www.targaltinternetis.ee\/wp-content\/uploads\/2025\/01\/TI25-banner-ikoonid-teemad-999x1200.jpg\" alt=\"\" width=\"428\" height=\"514\" srcset=\"https:\/\/www.targaltinternetis.ee\/wp-content\/uploads\/2025\/01\/TI25-banner-ikoonid-teemad-999x1200.jpg 999w, https:\/\/www.targaltinternetis.ee\/wp-content\/uploads\/2025\/01\/TI25-banner-ikoonid-teemad-250x300.jpg 250w, https:\/\/www.targaltinternetis.ee\/wp-content\/uploads\/2025\/01\/TI25-banner-ikoonid-teemad-1278x1536.jpg 1278w, https:\/\/www.targaltinternetis.ee\/wp-content\/uploads\/2025\/01\/TI25-banner-ikoonid-teemad-1705x2048.jpg 1705w, https:\/\/www.targaltinternetis.ee\/wp-content\/uploads\/2025\/01\/TI25-banner-ikoonid-teemad.jpg 1980w\" sizes=\"auto, (max-width: 428px) 100vw, 428px\" \/><\/a>Targalt internetis veebilehelt leiab temaatilisi \u00f5ppematerjale, tunnikavasid, \u00f5ppem\u00e4nge, videoid jmt, mida \u00f5pilastega kasutada.<\/p>&#13;\n<p>Vasakul pool on vastavate teemadega men\u00fc\u00fc.<\/p>&#13;\n<p><strong>Meie k\u00f5ige v\u00e4rskem materjal: \u00f5pirada &#8220;<a href=\"https:\/\/sites.google.com\/pae.tln.edu.ee\/6pirada\" target=\"_blank\" rel=\"noopener\">Digiturvalisus ja tehisintellekt<\/a>&#8220;.\u00a0<\/strong><\/p>&#13;\n<p>Vaata teavitusmaterjalide kogumikku &#8220;<a href=\"https:\/\/www.targaltinternetis.ee\/opetajatele\/koostoos-teadlikumaks-interneti-kasutajaks\/\" target=\"_blank\" rel=\"noopener\"><strong>Koost\u00f6\u00f6s teadlikumaks interneti kasutajaks<\/strong><\/a>&#8220;, mis avaldati 2025. aasta jaanuaris. Materjal loodi Lastekaitse Liidu poolt koos Tartu \u00dclikooli ja Eesti Rahvusraamatukoguga.\u00a0<\/p>&#13;\n<p>Materjalist leiab:<\/p>&#13;\n<ul>&#13;\n<li><strong>info laste seas populaarsematest sotsiaalmeediarakendustest<\/strong>,<\/li>&#13;\n<li><strong>teemad, mida sotsiaalmeedia kasutamisega seoses lastega arutada<\/strong><\/li>&#13;\n<li>ning u<strong>uemad videod, tunnikavad, t\u00f6\u00f6lehed<\/strong>, mida selleks kasutada.<\/li>&#13;\n<\/ul>&#13;\n<p>Head tutvumist!<\/p>&#13;\n<p>\u00a0<\/p>&#13;\n<p>Vaata lisaks:<\/p>&#13;\n<p><strong><a href=\"https:\/\/www.targaltinternetis.ee\/plakat\/ole-targalt-internetis\/\" target=\"_blank\" rel=\"noopener\">Targalt internetis plakatid<\/a> I kooliastmele<\/strong><\/p>&#13;\n<p><strong>Koolitusmaterjalid &#8220;<a href=\"https:\/\/oppevara.edu.ee\/abc-lasteaias\/\" target=\"_blank\" rel=\"noopener\">Targalt internetis ABC minu lasteaias<\/a>&#8220;<\/strong><\/p>&#13;\n<p><strong>Koolitusmaterjalid &#8220;<a href=\"https:\/\/oppevara.edu.ee\/abc\/\" target=\"_blank\" rel=\"noopener\">Targalt internetis ABC minu koolis<\/a>&#8220;<\/strong><\/p>&#13;\n<p>\u00a0<\/p>&#13;\n<p><strong>Populaarsed:<br\/><br\/><\/strong><strong><a href=\"https:\/\/www.targaltinternetis.ee\/2024-aasta-inspiratsioonikogumik\/\" target=\"_blank\" rel=\"noopener\">\u00d5ppe- ja teavitusmaterjalidega kogumik<\/a> (avaldatud jaanuar, 2024) <\/strong><\/p>&#13;\n<p><strong>\u00d5ppematerjal lasteaedadele &#8220;<a href=\"https:\/\/www.digiturvalisus.teatoimeta.ee\/\" target=\"_blank\" rel=\"noopener\">Digiturvalisus meie lasteaias<\/a>&#8220;<\/strong><\/p>&#13;\n<p><strong>\u00d5ppematerjal koolidele &#8220;<a href=\"https:\/\/www.targaltinternetis.ee\/kool\/\" target=\"_blank\" rel=\"noopener\">Kuidas ennast ja teisi internetis kaitsta<\/a>&#8221; (eesti ja vene keeles)<\/strong><\/p>","protected":false},"excerpt":{"rendered":"<p>&#13; Hea \u00f5petaja! &#13; Targalt internetis veebilehelt leiab temaatilisi \u00f5ppematerjale, tunnikavasid, \u00f5ppem\u00e4nge, videoid jmt, mida \u00f5pilastega kasutada. &#13; Vasakul pool on vastavate teemadega men\u00fc\u00fc. &#13; Meie k\u00f5ige v\u00e4rskem materjal: \u00f5pirada &#8220;Digiturvalisus ja tehisintellekt&#8220;.\u00a0 &#13; Vaata teavitusmaterjalide kogumikku &#8220;Koost\u00f6\u00f6s teadlikumaks interneti kasutajaks&#8220;, mis avaldati 2025. aasta jaanuaris. Materjal loodi Lastekaitse Liidu poolt koos Tartu \u00dclikooli ja&hellip;<\/p>\n","protected":false},"author":1,"featured_media":15,"parent":0,"menu_order":0,"comment_status":"closed","ping_status":"closed","template":"","meta":{"_acf_changed":false,"footnotes":""},"tags":[],"class_list":["post-1742","page","type-page","status-publish","has-post-thumbnail","hentry"],"acf":[],"yoast_head":"<!-- This site is optimized with the Yoast SEO plugin v27.3 - https:\/\/yoast.com\/product\/yoast-seo-wordpress\/ -->\n<title>For teachers - Targalt Internetis<\/title>\n<meta name=\"robots\" content=\"index, follow, max-snippet:-1, max-image-preview:large, max-video-preview:-1\" \/>\n<link rel=\"canonical\" href=\"https:\/\/www.targaltinternetis.ee\/en\/for-teachers\/\" \/>\n<meta property=\"og:locale\" content=\"en_US\" \/>\n<meta property=\"og:type\" content=\"article\" \/>\n<meta property=\"og:title\" content=\"For teachers - Targalt Internetis\" \/>\n<meta property=\"og:description\" content=\"&#013; Hea \u00f5petaja! &#013; Targalt internetis veebilehelt leiab temaatilisi \u00f5ppematerjale, tunnikavasid, \u00f5ppem\u00e4nge, videoid jmt, mida \u00f5pilastega kasutada. &#013; Vasakul pool on vastavate teemadega men\u00fc\u00fc. &#013; Meie k\u00f5ige v\u00e4rskem materjal: \u00f5pirada &#8220;Digiturvalisus ja tehisintellekt&#8220;.\u00a0 &#013; Vaata teavitusmaterjalide kogumikku &#8220;Koost\u00f6\u00f6s teadlikumaks interneti kasutajaks&#8220;, mis avaldati 2025. aasta jaanuaris. Materjal loodi Lastekaitse Liidu poolt koos Tartu \u00dclikooli ja&hellip;\" \/>\n<meta property=\"og:url\" content=\"https:\/\/www.targaltinternetis.ee\/en\/for-teachers\/\" \/>\n<meta property=\"og:site_name\" content=\"Targalt Internetis\" \/>\n<meta property=\"article:publisher\" content=\"https:\/\/www.facebook.com\/Targaltinternetis\" \/>\n<meta property=\"article:modified_time\" content=\"2025-11-13T07:50:47+00:00\" \/>\n<meta property=\"og:image\" content=\"https:\/\/www.targaltinternetis.ee\/wp-content\/uploads\/2015\/12\/teema-opetajatele.jpg\" \/>\n\t<meta property=\"og:image:width\" content=\"300\" \/>\n\t<meta property=\"og:image:height\" content=\"180\" \/>\n\t<meta property=\"og:image:type\" content=\"image\/jpeg\" \/>\n<meta name=\"twitter:card\" content=\"summary_large_image\" \/>\n<meta name=\"twitter:label1\" content=\"Est. reading time\" \/>\n\t<meta name=\"twitter:data1\" content=\"1 minute\" \/>\n<script type=\"application\/ld+json\" class=\"yoast-schema-graph\">{\"@context\":\"https:\\\/\\\/schema.org\",\"@graph\":[{\"@type\":\"WebPage\",\"@id\":\"https:\\\/\\\/www.targaltinternetis.ee\\\/en\\\/for-teachers\\\/\",\"url\":\"https:\\\/\\\/www.targaltinternetis.ee\\\/en\\\/for-teachers\\\/\",\"name\":\"For teachers - Targalt Internetis\",\"isPartOf\":{\"@id\":\"https:\\\/\\\/www.targaltinternetis.ee\\\/en\\\/#website\"},\"primaryImageOfPage\":{\"@id\":\"https:\\\/\\\/www.targaltinternetis.ee\\\/en\\\/for-teachers\\\/#primaryimage\"},\"image\":{\"@id\":\"https:\\\/\\\/www.targaltinternetis.ee\\\/en\\\/for-teachers\\\/#primaryimage\"},\"thumbnailUrl\":\"https:\\\/\\\/www.targaltinternetis.ee\\\/wp-content\\\/uploads\\\/2015\\\/12\\\/teema-opetajatele.jpg\",\"datePublished\":\"2015-12-08T09:16:03+00:00\",\"dateModified\":\"2025-11-13T07:50:47+00:00\",\"breadcrumb\":{\"@id\":\"https:\\\/\\\/www.targaltinternetis.ee\\\/en\\\/for-teachers\\\/#breadcrumb\"},\"inLanguage\":\"en-US\",\"potentialAction\":[{\"@type\":\"ReadAction\",\"target\":[\"https:\\\/\\\/www.targaltinternetis.ee\\\/en\\\/for-teachers\\\/\"]}]},{\"@type\":\"ImageObject\",\"inLanguage\":\"en-US\",\"@id\":\"https:\\\/\\\/www.targaltinternetis.ee\\\/en\\\/for-teachers\\\/#primaryimage\",\"url\":\"https:\\\/\\\/www.targaltinternetis.ee\\\/wp-content\\\/uploads\\\/2015\\\/12\\\/teema-opetajatele.jpg\",\"contentUrl\":\"https:\\\/\\\/www.targaltinternetis.ee\\\/wp-content\\\/uploads\\\/2015\\\/12\\\/teema-opetajatele.jpg\",\"width\":300,\"height\":180},{\"@type\":\"BreadcrumbList\",\"@id\":\"https:\\\/\\\/www.targaltinternetis.ee\\\/en\\\/for-teachers\\\/#breadcrumb\",\"itemListElement\":[{\"@type\":\"ListItem\",\"position\":1,\"name\":\"Home\",\"item\":\"https:\\\/\\\/www.targaltinternetis.ee\\\/\"},{\"@type\":\"ListItem\",\"position\":2,\"name\":\"For teachers\"}]},{\"@type\":\"WebSite\",\"@id\":\"https:\\\/\\\/www.targaltinternetis.ee\\\/en\\\/#website\",\"url\":\"https:\\\/\\\/www.targaltinternetis.ee\\\/en\\\/\",\"name\":\"Targalt Internetis\",\"description\":\"\",\"potentialAction\":[{\"@type\":\"SearchAction\",\"target\":{\"@type\":\"EntryPoint\",\"urlTemplate\":\"https:\\\/\\\/www.targaltinternetis.ee\\\/en\\\/?s={search_term_string}\"},\"query-input\":{\"@type\":\"PropertyValueSpecification\",\"valueRequired\":true,\"valueName\":\"search_term_string\"}}],\"inLanguage\":\"en-US\"}]}<\/script>\n<!-- \/ Yoast SEO plugin. -->","yoast_head_json":{"title":"For teachers - Targalt Internetis","robots":{"index":"index","follow":"follow","max-snippet":"max-snippet:-1","max-image-preview":"max-image-preview:large","max-video-preview":"max-video-preview:-1"},"canonical":"https:\/\/www.targaltinternetis.ee\/en\/for-teachers\/","og_locale":"en_US","og_type":"article","og_title":"For teachers - Targalt Internetis","og_description":"&#13; Hea \u00f5petaja! &#13; Targalt internetis veebilehelt leiab temaatilisi \u00f5ppematerjale, tunnikavasid, \u00f5ppem\u00e4nge, videoid jmt, mida \u00f5pilastega kasutada. &#13; Vasakul pool on vastavate teemadega men\u00fc\u00fc. &#13; Meie k\u00f5ige v\u00e4rskem materjal: \u00f5pirada &#8220;Digiturvalisus ja tehisintellekt&#8220;.\u00a0 &#13; Vaata teavitusmaterjalide kogumikku &#8220;Koost\u00f6\u00f6s teadlikumaks interneti kasutajaks&#8220;, mis avaldati 2025. aasta jaanuaris. Materjal loodi Lastekaitse Liidu poolt koos Tartu \u00dclikooli ja&hellip;","og_url":"https:\/\/www.targaltinternetis.ee\/en\/for-teachers\/","og_site_name":"Targalt Internetis","article_publisher":"https:\/\/www.facebook.com\/Targaltinternetis","article_modified_time":"2025-11-13T07:50:47+00:00","og_image":[{"width":300,"height":180,"url":"https:\/\/www.targaltinternetis.ee\/wp-content\/uploads\/2015\/12\/teema-opetajatele.jpg","type":"image\/jpeg"}],"twitter_card":"summary_large_image","twitter_misc":{"Est. reading time":"1 minute"},"schema":{"@context":"https:\/\/schema.org","@graph":[{"@type":"WebPage","@id":"https:\/\/www.targaltinternetis.ee\/en\/for-teachers\/","url":"https:\/\/www.targaltinternetis.ee\/en\/for-teachers\/","name":"For teachers - Targalt Internetis","isPartOf":{"@id":"https:\/\/www.targaltinternetis.ee\/en\/#website"},"primaryImageOfPage":{"@id":"https:\/\/www.targaltinternetis.ee\/en\/for-teachers\/#primaryimage"},"image":{"@id":"https:\/\/www.targaltinternetis.ee\/en\/for-teachers\/#primaryimage"},"thumbnailUrl":"https:\/\/www.targaltinternetis.ee\/wp-content\/uploads\/2015\/12\/teema-opetajatele.jpg","datePublished":"2015-12-08T09:16:03+00:00","dateModified":"2025-11-13T07:50:47+00:00","breadcrumb":{"@id":"https:\/\/www.targaltinternetis.ee\/en\/for-teachers\/#breadcrumb"},"inLanguage":"en-US","potentialAction":[{"@type":"ReadAction","target":["https:\/\/www.targaltinternetis.ee\/en\/for-teachers\/"]}]},{"@type":"ImageObject","inLanguage":"en-US","@id":"https:\/\/www.targaltinternetis.ee\/en\/for-teachers\/#primaryimage","url":"https:\/\/www.targaltinternetis.ee\/wp-content\/uploads\/2015\/12\/teema-opetajatele.jpg","contentUrl":"https:\/\/www.targaltinternetis.ee\/wp-content\/uploads\/2015\/12\/teema-opetajatele.jpg","width":300,"height":180},{"@type":"BreadcrumbList","@id":"https:\/\/www.targaltinternetis.ee\/en\/for-teachers\/#breadcrumb","itemListElement":[{"@type":"ListItem","position":1,"name":"Home","item":"https:\/\/www.targaltinternetis.ee\/"},{"@type":"ListItem","position":2,"name":"For teachers"}]},{"@type":"WebSite","@id":"https:\/\/www.targaltinternetis.ee\/en\/#website","url":"https:\/\/www.targaltinternetis.ee\/en\/","name":"Targalt Internetis","description":"","potentialAction":[{"@type":"SearchAction","target":{"@type":"EntryPoint","urlTemplate":"https:\/\/www.targaltinternetis.ee\/en\/?s={search_term_string}"},"query-input":{"@type":"PropertyValueSpecification","valueRequired":true,"valueName":"search_term_string"}}],"inLanguage":"en-US"}]}},"_links":{"self":[{"href":"https:\/\/www.targaltinternetis.ee\/en\/wp-json\/wp\/v2\/pages\/1742","targetHints":{"allow":["GET"]}}],"collection":[{"href":"https:\/\/www.targaltinternetis.ee\/en\/wp-json\/wp\/v2\/pages"}],"about":[{"href":"https:\/\/www.targaltinternetis.ee\/en\/wp-json\/wp\/v2\/types\/page"}],"author":[{"embeddable":true,"href":"https:\/\/www.targaltinternetis.ee\/en\/wp-json\/wp\/v2\/users\/1"}],"replies":[{"embeddable":true,"href":"https:\/\/www.targaltinternetis.ee\/en\/wp-json\/wp\/v2\/comments?post=1742"}],"version-history":[{"count":5,"href":"https:\/\/www.targaltinternetis.ee\/en\/wp-json\/wp\/v2\/pages\/1742\/revisions"}],"predecessor-version":[{"id":14959,"href":"https:\/\/www.targaltinternetis.ee\/en\/wp-json\/wp\/v2\/pages\/1742\/revisions\/14959"}],"wp:featuredmedia":[{"embeddable":true,"href":"https:\/\/www.targaltinternetis.ee\/en\/wp-json\/wp\/v2\/media\/15"}],"wp:attachment":[{"href":"https:\/\/www.targaltinternetis.ee\/en\/wp-json\/wp\/v2\/media?parent=1742"}],"wp:term":[{"taxonomy":"post_tag","embeddable":true,"href":"https:\/\/www.targaltinternetis.ee\/en\/wp-json\/wp\/v2\/tags?post=1742"}],"curies":[{"name":"wp","href":"https:\/\/api.w.org\/{rel}","templated":true}]}}