{"id":697,"date":"2015-12-09T10:44:09","date_gmt":"2015-12-09T08:44:09","guid":{"rendered":"http:\/\/www.targaltinternetis.ee\/en\/noortepaneel\/"},"modified":"2025-09-10T13:53:39","modified_gmt":"2025-09-10T10:53:39","slug":"youth-panel","status":"publish","type":"page","link":"https:\/\/www.targaltinternetis.ee\/en\/youth-panel\/","title":{"rendered":"Youth panel and child participation"},"content":{"rendered":"<p><a href=\"https:\/\/www.targaltinternetis.ee\/wp-content\/uploads\/2017\/10\/suveseminar17_8-300x200.jpg\"><img loading=\"lazy\" decoding=\"async\" class=\"alignright size-medium wp-image-3142\" src=\"https:\/\/www.targaltinternetis.ee\/wp-content\/uploads\/2017\/10\/suveseminar17_8-300x200.jpg\" alt=\"\" width=\"300\" height=\"200\" srcset=\"https:\/\/www.targaltinternetis.ee\/wp-content\/uploads\/2017\/10\/suveseminar17_8-300x200.jpg 300w, https:\/\/www.targaltinternetis.ee\/wp-content\/uploads\/2017\/10\/suveseminar17_8-1200x800.jpg 1200w\" sizes=\"auto, (max-width: 300px) 100vw, 300px\" \/><\/a><\/p>\n<p>Estonian Safer Internet Centre<strong>\u00a0youth panel<\/strong> includes different groups of children in order to give a platform for children from different regions, age groups, social economical backrounds, ethnicity etc.<\/p>\n<p>Estonian SIC involves different demographic groups, to give them a voice to express their opinions and suggestions and share their experiences in the use of digital technologies. Their opinions and suggestions are being used and they are consulted when Estonian SIC develops awareness raising resources and activities.<\/p>\n<p>The most consistant work has been taken place with <strong>EUCW children\u00b4s rights ambassadors<\/strong>. The group involves 10 children (girls), aged 14-17, from northern part of Estonia (8) and from southern part of Estonia (2). Child can become a children\u00b4s rights ambassadors if he\/she fills in online application on EUCW website and shows interest in actively taking part in promoting children\u00b4s rights during the interview.<\/p>\n<p>To be more gender balanced and to involve more children from different regions of Estonia, a larger group of the youth panel is organized in the framwork of Smartly on the Web <strong>multi-day training seminars for students<\/strong>. In 2023, participants were students aged 12-16 from schools located in different regions of Estonia (Harju County, L\u00e4\u00e4ne-Viru county); rural areas (J\u00e4neda, Kuusalu) as well as from urban areas (capital city of Estonia -Tallinn), Estonian speaking schools (Rocca al Mare Kool, Emili Kool, Kuusalu Keskkool, J\u00e4neda Kool) and Russian speaking schools (Ehte Humanitaarg\u00fcmnaasium, \u00d5ism\u00e4e Vene L\u00fctseum). From each school four students (2 boys and 2 girls) together with the teacher were invited to participate. In order to get larger reach and to involve younger children we cooperate with kindergartens and schools.<\/p>\n<p>&nbsp;<\/p>\n<p><strong>Examples of child participation activities<\/strong><\/p>\n<p>In May 2024, children\u00b4s rights ambassadors created their <strong>podcast \u201eYouth, here and now\u201c (Noored, siin ja praegu)<\/strong> and recorded their first episode together with Estonian SIC \u201eYoung people online\u201c (Noored internetis). Podcast was lead by Alide Kristine (16) and Mia-Ly (16) and they interviewd web-police about how young people can get in contact with web-police, what they do, what are the most important online safety tips for teens etc. Podcast was disseminated to schools via Estonian SIC Smartly on the Web newsletter and via EUCW communication channels.<\/p>\n<p>In February 2024, Liise (15) and Inger Paula (16) together with K.Valner from Estonian SIC participated in the Youth Mentor program <strong>TORE podcast<\/strong>, where they discussed about key learnings from Safer Internet Day conference and about digital wellbeing and mental health issues.<\/p>\n<p>On June 5, 2023 in cooperation with the <strong>youth portal Teeviit Tulevikku<\/strong>, we held a <strong>webinar for young people &#8220;Digital Brutality&#8221;<\/strong> (Digitaalsed j\u00f5hkrused), which focused on the topic of cyberbullying and the importance of reporting. Children\u00b4s rights ambassador Inger-Paula (16), K.Valner from EUCW, and M. K\u00fc\u00fcnarpuu, Estonian SIC team member and Child Helpline service advisor of the Social Insurance Board discussed the topic. The discussion was moderated by Karl-Gustav Aadamsoo from Telia.<\/p>\n<p>As children with more voulnerable backrounds including with special educational needs are invloved in Estonian educational system, we reached to them via workshops. For example on March 28, 2023 Awareness Raising Coordinator of Estonian SIC from EUCW K. Valner carried out 3 <strong>Smartly on the Web workshops<\/strong> for 1-6 grade students with special educational needs and disabilities in Nurme Kool. At the workshops tips about how to use digital technologies and internet safely was given and their experiences discussed.<\/p>\n<p>In February 2023, Alide Kristine (15) was actively involved in the Safer Internet Day activities. She participated, together with the Awareness Raising Coordinator K.Valner from EUCW, in <strong>podcast for young people Teeviit Tulevikku<\/strong>, provided by Education and Youth Board. Podcast was on Safer Internet Day topic \u201e<strong>My Data, my Property<\/strong>\u201c (Minu andmed, minu vara).<\/p>\n<p>From September-December 2023 Estonian SIC cooperated with the <strong>Eurochild<\/strong> in the framework of the <strong>VOICE research project<\/strong> and carried out three <strong>workshops<\/strong> with children in Estonia with children from different areas, backround and ethnicity. During the workshops children had an opportunity to express their views about their experiences in the digital environment and their suggestions how to protect children from the online risks. First focus group was held with children aged 12-14 from Kuusalu Keskkool (rural area, Estonian speaking children, girls and boys), second workshop was organised in Ehte Humanitaarg\u00fcmnaasium with children aged 15-17 (urban area, Russian speaking children, girls and boys), and third focus group was carried out with children\u00b4s rights ambassadors.<\/p>\n<p>From November-December 2023, EUCW from Estonian SIC cooperated with Samsung in the framework of school competition \u201e<strong>Solve for Tomorrow<\/strong>\u201c. Members of the Estonian SIC from EUCW were mentors for the team of 9th grade students (1 girl and 3 boys) from V\u00e4\u00e4tsa P\u00f5hikool. Three online meeting took place to discuss and improve their idea. Students idea of an school online application to promote communication and outdoor activites in their school won the Baltic competition.<\/p>\n<p>&nbsp;<\/p>\n","protected":false},"excerpt":{"rendered":"<p>Estonian Safer Internet Centre\u00a0youth panel includes different groups of children in order to give a platform for children from different regions, age groups, social economical backrounds, ethnicity etc. Estonian SIC involves different demographic groups, to give them a voice to express their opinions and suggestions and share their experiences in the use of digital technologies.&hellip;<\/p>\n","protected":false},"author":1,"featured_media":0,"parent":0,"menu_order":0,"comment_status":"closed","ping_status":"closed","template":"","meta":{"_acf_changed":false,"footnotes":""},"tags":[],"class_list":["post-697","page","type-page","status-publish","hentry"],"acf":[],"yoast_head":"<!-- This site is optimized with the Yoast SEO plugin v27.3 - https:\/\/yoast.com\/product\/yoast-seo-wordpress\/ -->\n<title>Youth panel and child participation - Targalt Internetis<\/title>\n<meta name=\"robots\" content=\"index, follow, max-snippet:-1, max-image-preview:large, max-video-preview:-1\" \/>\n<link rel=\"canonical\" href=\"https:\/\/www.targaltinternetis.ee\/en\/youth-panel\/\" \/>\n<meta property=\"og:locale\" content=\"en_US\" \/>\n<meta property=\"og:type\" content=\"article\" \/>\n<meta property=\"og:title\" content=\"Youth panel and child participation - Targalt Internetis\" \/>\n<meta property=\"og:description\" content=\"Estonian Safer Internet Centre\u00a0youth panel includes different groups of children in order to give a platform for children from different regions, age groups, social economical backrounds, ethnicity etc. Estonian SIC involves different demographic groups, to give them a voice to express their opinions and suggestions and share their experiences in the use of digital technologies.&hellip;\" \/>\n<meta property=\"og:url\" content=\"https:\/\/www.targaltinternetis.ee\/en\/youth-panel\/\" \/>\n<meta property=\"og:site_name\" content=\"Targalt Internetis\" \/>\n<meta property=\"article:publisher\" content=\"https:\/\/www.facebook.com\/Targaltinternetis\" \/>\n<meta property=\"article:modified_time\" content=\"2025-09-10T10:53:39+00:00\" \/>\n<meta property=\"og:image\" content=\"https:\/\/www.targaltinternetis.ee\/wp-content\/uploads\/2017\/10\/suveseminar17_8-1200x800.jpg\" \/>\n\t<meta property=\"og:image:width\" content=\"1200\" \/>\n\t<meta property=\"og:image:height\" content=\"800\" \/>\n\t<meta property=\"og:image:type\" content=\"image\/jpeg\" \/>\n<meta name=\"twitter:card\" content=\"summary_large_image\" \/>\n<meta name=\"twitter:label1\" content=\"Est. reading time\" \/>\n\t<meta name=\"twitter:data1\" content=\"5 minutes\" \/>\n<script type=\"application\/ld+json\" class=\"yoast-schema-graph\">{\"@context\":\"https:\\\/\\\/schema.org\",\"@graph\":[{\"@type\":\"WebPage\",\"@id\":\"https:\\\/\\\/www.targaltinternetis.ee\\\/en\\\/youth-panel\\\/\",\"url\":\"https:\\\/\\\/www.targaltinternetis.ee\\\/en\\\/youth-panel\\\/\",\"name\":\"Youth panel and child participation - Targalt Internetis\",\"isPartOf\":{\"@id\":\"https:\\\/\\\/www.targaltinternetis.ee\\\/en\\\/#website\"},\"primaryImageOfPage\":{\"@id\":\"https:\\\/\\\/www.targaltinternetis.ee\\\/en\\\/youth-panel\\\/#primaryimage\"},\"image\":{\"@id\":\"https:\\\/\\\/www.targaltinternetis.ee\\\/en\\\/youth-panel\\\/#primaryimage\"},\"thumbnailUrl\":\"https:\\\/\\\/www.targaltinternetis.ee\\\/wp-content\\\/uploads\\\/2017\\\/10\\\/suveseminar17_8-300x200.jpg\",\"datePublished\":\"2015-12-09T08:44:09+00:00\",\"dateModified\":\"2025-09-10T10:53:39+00:00\",\"breadcrumb\":{\"@id\":\"https:\\\/\\\/www.targaltinternetis.ee\\\/en\\\/youth-panel\\\/#breadcrumb\"},\"inLanguage\":\"en-US\",\"potentialAction\":[{\"@type\":\"ReadAction\",\"target\":[\"https:\\\/\\\/www.targaltinternetis.ee\\\/en\\\/youth-panel\\\/\"]}]},{\"@type\":\"ImageObject\",\"inLanguage\":\"en-US\",\"@id\":\"https:\\\/\\\/www.targaltinternetis.ee\\\/en\\\/youth-panel\\\/#primaryimage\",\"url\":\"https:\\\/\\\/www.targaltinternetis.ee\\\/wp-content\\\/uploads\\\/2017\\\/10\\\/suveseminar17_8-300x200.jpg\",\"contentUrl\":\"https:\\\/\\\/www.targaltinternetis.ee\\\/wp-content\\\/uploads\\\/2017\\\/10\\\/suveseminar17_8-300x200.jpg\"},{\"@type\":\"BreadcrumbList\",\"@id\":\"https:\\\/\\\/www.targaltinternetis.ee\\\/en\\\/youth-panel\\\/#breadcrumb\",\"itemListElement\":[{\"@type\":\"ListItem\",\"position\":1,\"name\":\"Home\",\"item\":\"https:\\\/\\\/www.targaltinternetis.ee\\\/\"},{\"@type\":\"ListItem\",\"position\":2,\"name\":\"Youth panel and child participation\"}]},{\"@type\":\"WebSite\",\"@id\":\"https:\\\/\\\/www.targaltinternetis.ee\\\/en\\\/#website\",\"url\":\"https:\\\/\\\/www.targaltinternetis.ee\\\/en\\\/\",\"name\":\"Targalt Internetis\",\"description\":\"\",\"potentialAction\":[{\"@type\":\"SearchAction\",\"target\":{\"@type\":\"EntryPoint\",\"urlTemplate\":\"https:\\\/\\\/www.targaltinternetis.ee\\\/en\\\/?s={search_term_string}\"},\"query-input\":{\"@type\":\"PropertyValueSpecification\",\"valueRequired\":true,\"valueName\":\"search_term_string\"}}],\"inLanguage\":\"en-US\"}]}<\/script>\n<!-- \/ Yoast SEO plugin. -->","yoast_head_json":{"title":"Youth panel and child participation - Targalt Internetis","robots":{"index":"index","follow":"follow","max-snippet":"max-snippet:-1","max-image-preview":"max-image-preview:large","max-video-preview":"max-video-preview:-1"},"canonical":"https:\/\/www.targaltinternetis.ee\/en\/youth-panel\/","og_locale":"en_US","og_type":"article","og_title":"Youth panel and child participation - Targalt Internetis","og_description":"Estonian Safer Internet Centre\u00a0youth panel includes different groups of children in order to give a platform for children from different regions, age groups, social economical backrounds, ethnicity etc. Estonian SIC involves different demographic groups, to give them a voice to express their opinions and suggestions and share their experiences in the use of digital technologies.&hellip;","og_url":"https:\/\/www.targaltinternetis.ee\/en\/youth-panel\/","og_site_name":"Targalt Internetis","article_publisher":"https:\/\/www.facebook.com\/Targaltinternetis","article_modified_time":"2025-09-10T10:53:39+00:00","og_image":[{"width":1200,"height":800,"url":"https:\/\/www.targaltinternetis.ee\/wp-content\/uploads\/2017\/10\/suveseminar17_8-1200x800.jpg","type":"image\/jpeg"}],"twitter_card":"summary_large_image","twitter_misc":{"Est. reading time":"5 minutes"},"schema":{"@context":"https:\/\/schema.org","@graph":[{"@type":"WebPage","@id":"https:\/\/www.targaltinternetis.ee\/en\/youth-panel\/","url":"https:\/\/www.targaltinternetis.ee\/en\/youth-panel\/","name":"Youth panel and child participation - Targalt Internetis","isPartOf":{"@id":"https:\/\/www.targaltinternetis.ee\/en\/#website"},"primaryImageOfPage":{"@id":"https:\/\/www.targaltinternetis.ee\/en\/youth-panel\/#primaryimage"},"image":{"@id":"https:\/\/www.targaltinternetis.ee\/en\/youth-panel\/#primaryimage"},"thumbnailUrl":"https:\/\/www.targaltinternetis.ee\/wp-content\/uploads\/2017\/10\/suveseminar17_8-300x200.jpg","datePublished":"2015-12-09T08:44:09+00:00","dateModified":"2025-09-10T10:53:39+00:00","breadcrumb":{"@id":"https:\/\/www.targaltinternetis.ee\/en\/youth-panel\/#breadcrumb"},"inLanguage":"en-US","potentialAction":[{"@type":"ReadAction","target":["https:\/\/www.targaltinternetis.ee\/en\/youth-panel\/"]}]},{"@type":"ImageObject","inLanguage":"en-US","@id":"https:\/\/www.targaltinternetis.ee\/en\/youth-panel\/#primaryimage","url":"https:\/\/www.targaltinternetis.ee\/wp-content\/uploads\/2017\/10\/suveseminar17_8-300x200.jpg","contentUrl":"https:\/\/www.targaltinternetis.ee\/wp-content\/uploads\/2017\/10\/suveseminar17_8-300x200.jpg"},{"@type":"BreadcrumbList","@id":"https:\/\/www.targaltinternetis.ee\/en\/youth-panel\/#breadcrumb","itemListElement":[{"@type":"ListItem","position":1,"name":"Home","item":"https:\/\/www.targaltinternetis.ee\/"},{"@type":"ListItem","position":2,"name":"Youth panel and child participation"}]},{"@type":"WebSite","@id":"https:\/\/www.targaltinternetis.ee\/en\/#website","url":"https:\/\/www.targaltinternetis.ee\/en\/","name":"Targalt Internetis","description":"","potentialAction":[{"@type":"SearchAction","target":{"@type":"EntryPoint","urlTemplate":"https:\/\/www.targaltinternetis.ee\/en\/?s={search_term_string}"},"query-input":{"@type":"PropertyValueSpecification","valueRequired":true,"valueName":"search_term_string"}}],"inLanguage":"en-US"}]}},"_links":{"self":[{"href":"https:\/\/www.targaltinternetis.ee\/en\/wp-json\/wp\/v2\/pages\/697","targetHints":{"allow":["GET"]}}],"collection":[{"href":"https:\/\/www.targaltinternetis.ee\/en\/wp-json\/wp\/v2\/pages"}],"about":[{"href":"https:\/\/www.targaltinternetis.ee\/en\/wp-json\/wp\/v2\/types\/page"}],"author":[{"embeddable":true,"href":"https:\/\/www.targaltinternetis.ee\/en\/wp-json\/wp\/v2\/users\/1"}],"replies":[{"embeddable":true,"href":"https:\/\/www.targaltinternetis.ee\/en\/wp-json\/wp\/v2\/comments?post=697"}],"version-history":[{"count":5,"href":"https:\/\/www.targaltinternetis.ee\/en\/wp-json\/wp\/v2\/pages\/697\/revisions"}],"predecessor-version":[{"id":14585,"href":"https:\/\/www.targaltinternetis.ee\/en\/wp-json\/wp\/v2\/pages\/697\/revisions\/14585"}],"wp:attachment":[{"href":"https:\/\/www.targaltinternetis.ee\/en\/wp-json\/wp\/v2\/media?parent=697"}],"wp:term":[{"taxonomy":"post_tag","embeddable":true,"href":"https:\/\/www.targaltinternetis.ee\/en\/wp-json\/wp\/v2\/tags?post=697"}],"curies":[{"name":"wp","href":"https:\/\/api.w.org\/{rel}","templated":true}]}}