{"id":1724,"date":"2015-12-14T17:58:46","date_gmt":"2015-12-14T15:58:46","guid":{"rendered":"http:\/\/www.targaltinternetis.ee\/ru\/%d0%bc%d0%b8%d1%81%d1%81%d0%b8%d1%8f-%d0%bf%d1%80%d0%be%d0%b5%d0%ba%d1%82%d0%b0\/nouandev-kogu\/"},"modified":"2023-03-02T12:15:30","modified_gmt":"2023-03-02T10:15:30","slug":"%d0%ba%d0%be%d0%bd%d1%81%d1%83%d0%bb%d1%8c%d1%82%d0%b0%d1%82%d0%b8%d0%b2%d0%bd%d1%8b%d0%b9-%d1%81%d0%be%d0%b2%d0%b5%d1%82","status":"publish","type":"page","link":"https:\/\/www.targaltinternetis.ee\/ru\/%d0%bc%d0%b8%d1%81%d1%81%d0%b8%d1%8f-%d0%bf%d1%80%d0%be%d0%b5%d0%ba%d1%82%d0%b0\/%d0%ba%d0%be%d0%bd%d1%81%d1%83%d0%bb%d1%8c%d1%82%d0%b0%d1%82%d0%b8%d0%b2%d0%bd%d1%8b%d0%b9-%d1%81%d0%be%d0%b2%d0%b5%d1%82\/","title":{"rendered":"\u041a\u043e\u043d\u0441\u0443\u043b\u044c\u0442\u0430\u0442\u0438\u0432\u043d\u044b\u0439 \u0441\u043e\u0432\u0435\u0442"},"content":{"rendered":"<p>\u041f\u0440\u0438 \u043f\u0440\u043e\u0435\u043a\u0442\u0435 \u0434\u0435\u0439\u0441\u0442\u0432\u0443\u0435\u0442 \u041a\u043e\u043d\u0441\u0443\u043b\u044c\u0442\u0430\u0442\u0438\u0432\u043d\u044b\u0439 \u0441\u043e\u0432\u0435\u0442, \u0447\u043b\u0435\u043d\u044b \u043a\u043e\u0442\u043e\u0440\u043e\u0433\u043e \u0434\u0430\u044e\u0442 \u0441\u0432\u043e\u0438 \u0437\u043d\u0430\u043d\u0438\u044f \u0438 \u043e\u043f\u044b\u0442 \u043d\u0430 \u0441\u043b\u0443\u0436\u0431\u0443 \u0443\u0441\u043f\u0435\u0448\u043d\u043e\u0433\u043e \u0434\u043e\u0441\u0442\u0438\u0436\u0435\u043d\u0438\u044f \u0446\u0435\u043b\u0435\u0439 \u043f\u0440\u043e\u0435\u043a\u0442\u0430. \u0427\u043b\u0435\u043d\u044b \u041a\u043e\u043d\u0441\u0443\u043b\u044c\u0442\u0430\u0442\u0438\u0432\u043d\u043e\u0433\u043e \u0441\u043e\u0432\u0435\u0442\u0430:<\/p>\n<ul>\n<li>Justiitsministeerium<\/li>\n<li>Haridus- ja Teadusministeerium<\/li>\n<li>Siseministeerium<\/li>\n<li>Andmekaitse Inspektsioon<\/li>\n<li>Kaitseministeerium<\/li>\n<li>Riigi Infos\u00fcsteemi Amet<\/li>\n<li>Majandus- ja Kommunikatsiooniministeerium<\/li>\n<li>Telia Eesti AS<\/li>\n<li>Tartu \u00dclikool<\/li>\n<li>Tallinna Tehnika\u00fclikool<\/li>\n<li>Lastevanemate Liit<\/li>\n<li>Koolips\u00fchholoogide Liit<\/li>\n<li>Eesti Informaatika \u00d5petajate Selts<\/li>\n<li>Eesti Infotehnoloogia ja Telekommunikatsiooni Liit<\/li>\n<li>\u00a0Haridus- ja Noorteamet<\/li>\n<li>\u00d5iguskantsleri Kantselei<\/li>\n<li>Sotsiaalministeerium<\/li>\n<li>Politsei- ja Piirivalveamet<\/li>\n<li>\u00a0Sotsiaalkindlustusamet<\/li>\n<li>Lastekaitse Liit<\/li>\n<li>\u043f\u0440\u0435\u0434\u0441\u0442\u0430\u0432\u0438\u0442\u0435\u043b\u044c \u041c\u043e\u043b\u043e\u0434\u0435\u0436\u043d\u043e\u0433\u043e \u0441\u043e\u0432\u0435\u0442\u0430 \u043f\u0440\u043e\u0435\u043a\u0442\u0430<\/li>\n<\/ul>\n<p>\u041a\u043e\u043d\u0441\u0443\u043b\u044c\u0442\u0430\u0442\u0438\u0432\u043d\u044b\u0439 \u0441\u043e\u0432\u0435\u0442 \u043f\u0440\u043e\u0435\u043a\u0442\u0430 \u0441\u043e\u0431\u0438\u0440\u0430\u0435\u0442\u0441\u044f \u043d\u0435 \u043c\u0435\u043d\u0435\u0435 \u043e\u0434\u043d\u043e\u0433\u043e \u0440\u0430\u0437\u0430 \u0432 \u043a\u0432\u0430\u0440\u0442\u0430\u043b. \u041a\u043e\u043d\u0441\u0443\u043b\u044c\u0442\u0430\u0442\u0438\u0432\u043d\u044b\u0439 \u0441\u043e\u0432\u0435\u0442 \u0441\u043e\u0431\u0438\u0440\u0430\u043b\u0441\u044f \u0432\u043e \u0432\u0440\u0435\u043c\u044f \u043e\u0441\u0443\u0449\u0435\u0441\u0442\u0432\u043b\u0435\u043d\u0438\u044f \u043f\u0435\u0440\u0432\u043e\u0433\u043e \u043f\u0435\u0440\u0438\u043e\u0434\u0430 \u043f\u0440\u043e\u0435\u043a\u0442\u0430 \u043f\u044f\u0442\u044c \u0440\u0430\u0437.<br \/>\n\u0427\u043b\u0435\u043d\u044b \u041a\u043e\u043d\u0441\u0443\u043b\u044c\u0442\u0430\u0442\u0438\u0432\u043d\u043e\u0433\u043e \u043a\u043e\u043c\u0438\u0442\u0435\u0442\u0430 \u0438 \u0441\u0430\u043c\u0438 \u0430\u043a\u0442\u0438\u0432\u043d\u043e \u0443\u0447\u0430\u0441\u0442\u0432\u043e\u0432\u0430\u043b\u0438 \u0432 \u0434\u0435\u0439\u0441\u0442\u0432\u0438\u044f\u0445 \u043f\u043e \u043f\u0440\u043e\u0435\u043a\u0442\u0443 \u0432 \u043a\u0430\u0447\u0435\u0441\u0442\u0432\u0435 \u0442\u0440\u0435\u043d\u0435\u0440\u043e\u0432 \u0438 \u0441\u043e\u0441\u0442\u0430\u0432\u0438\u0442\u0435\u043b\u0435\u0439 \u0443\u0447\u0435\u0431\u043d\u044b\u0445 \u0438 \u0438\u043d\u0444\u043e\u0440\u043c\u0430\u0446\u0438\u043e\u043d\u043d\u044b\u0445 \u043c\u0430\u0442\u0435\u0440\u0438\u0430\u043b\u043e\u0432.<\/p>\n","protected":false},"excerpt":{"rendered":"<p>\u041f\u0440\u0438 \u043f\u0440\u043e\u0435\u043a\u0442\u0435 \u0434\u0435\u0439\u0441\u0442\u0432\u0443\u0435\u0442 \u041a\u043e\u043d\u0441\u0443\u043b\u044c\u0442\u0430\u0442\u0438\u0432\u043d\u044b\u0439 \u0441\u043e\u0432\u0435\u0442, \u0447\u043b\u0435\u043d\u044b \u043a\u043e\u0442\u043e\u0440\u043e\u0433\u043e \u0434\u0430\u044e\u0442 \u0441\u0432\u043e\u0438 \u0437\u043d\u0430\u043d\u0438\u044f \u0438 \u043e\u043f\u044b\u0442 \u043d\u0430 \u0441\u043b\u0443\u0436\u0431\u0443 \u0443\u0441\u043f\u0435\u0448\u043d\u043e\u0433\u043e \u0434\u043e\u0441\u0442\u0438\u0436\u0435\u043d\u0438\u044f \u0446\u0435\u043b\u0435\u0439 \u043f\u0440\u043e\u0435\u043a\u0442\u0430. \u0427\u043b\u0435\u043d\u044b \u041a\u043e\u043d\u0441\u0443\u043b\u044c\u0442\u0430\u0442\u0438\u0432\u043d\u043e\u0433\u043e \u0441\u043e\u0432\u0435\u0442\u0430: Justiitsministeerium Haridus- ja Teadusministeerium Siseministeerium Andmekaitse Inspektsioon Kaitseministeerium Riigi Infos\u00fcsteemi Amet Majandus- ja Kommunikatsiooniministeerium Telia Eesti AS Tartu \u00dclikool Tallinna Tehnika\u00fclikool Lastevanemate Liit Koolips\u00fchholoogide Liit Eesti Informaatika \u00d5petajate Selts Eesti Infotehnoloogia ja Telekommunikatsiooni Liit&hellip;<\/p>\n","protected":false},"author":1,"featured_media":7588,"parent":1722,"menu_order":0,"comment_status":"closed","ping_status":"closed","template":"","meta":{"_acf_changed":false,"footnotes":""},"tags":[],"class_list":["post-1724","page","type-page","status-publish","has-post-thumbnail","hentry"],"acf":[],"yoast_head":"<!-- This site is optimized with the Yoast SEO plugin v27.3 - https:\/\/yoast.com\/product\/yoast-seo-wordpress\/ -->\n<title>\u041a\u043e\u043d\u0441\u0443\u043b\u044c\u0442\u0430\u0442\u0438\u0432\u043d\u044b\u0439 \u0441\u043e\u0432\u0435\u0442 - Targalt Internetis<\/title>\n<meta name=\"robots\" content=\"index, follow, max-snippet:-1, max-image-preview:large, max-video-preview:-1\" \/>\n<link rel=\"canonical\" href=\"https:\/\/www.targaltinternetis.ee\/ru\/\u043c\u0438\u0441\u0441\u0438\u044f-\u043f\u0440\u043e\u0435\u043a\u0442\u0430\/\u043a\u043e\u043d\u0441\u0443\u043b\u044c\u0442\u0430\u0442\u0438\u0432\u043d\u044b\u0439-\u0441\u043e\u0432\u0435\u0442\/\" \/>\n<meta property=\"og:locale\" content=\"ru_RU\" \/>\n<meta property=\"og:type\" content=\"article\" \/>\n<meta property=\"og:title\" content=\"\u041a\u043e\u043d\u0441\u0443\u043b\u044c\u0442\u0430\u0442\u0438\u0432\u043d\u044b\u0439 \u0441\u043e\u0432\u0435\u0442 - Targalt Internetis\" \/>\n<meta property=\"og:description\" content=\"\u041f\u0440\u0438 \u043f\u0440\u043e\u0435\u043a\u0442\u0435 \u0434\u0435\u0439\u0441\u0442\u0432\u0443\u0435\u0442 \u041a\u043e\u043d\u0441\u0443\u043b\u044c\u0442\u0430\u0442\u0438\u0432\u043d\u044b\u0439 \u0441\u043e\u0432\u0435\u0442, \u0447\u043b\u0435\u043d\u044b \u043a\u043e\u0442\u043e\u0440\u043e\u0433\u043e \u0434\u0430\u044e\u0442 \u0441\u0432\u043e\u0438 \u0437\u043d\u0430\u043d\u0438\u044f \u0438 \u043e\u043f\u044b\u0442 \u043d\u0430 \u0441\u043b\u0443\u0436\u0431\u0443 \u0443\u0441\u043f\u0435\u0448\u043d\u043e\u0433\u043e \u0434\u043e\u0441\u0442\u0438\u0436\u0435\u043d\u0438\u044f \u0446\u0435\u043b\u0435\u0439 \u043f\u0440\u043e\u0435\u043a\u0442\u0430. \u0427\u043b\u0435\u043d\u044b \u041a\u043e\u043d\u0441\u0443\u043b\u044c\u0442\u0430\u0442\u0438\u0432\u043d\u043e\u0433\u043e \u0441\u043e\u0432\u0435\u0442\u0430: Justiitsministeerium Haridus- ja Teadusministeerium Siseministeerium Andmekaitse Inspektsioon Kaitseministeerium Riigi Infos\u00fcsteemi Amet Majandus- ja Kommunikatsiooniministeerium Telia Eesti AS Tartu \u00dclikool Tallinna Tehnika\u00fclikool Lastevanemate Liit Koolips\u00fchholoogide Liit Eesti Informaatika \u00d5petajate Selts Eesti Infotehnoloogia ja Telekommunikatsiooni Liit&hellip;\" \/>\n<meta property=\"og:url\" content=\"https:\/\/www.targaltinternetis.ee\/ru\/\u043c\u0438\u0441\u0441\u0438\u044f-\u043f\u0440\u043e\u0435\u043a\u0442\u0430\/\u043a\u043e\u043d\u0441\u0443\u043b\u044c\u0442\u0430\u0442\u0438\u0432\u043d\u044b\u0439-\u0441\u043e\u0432\u0435\u0442\/\" \/>\n<meta property=\"og:site_name\" content=\"Targalt Internetis\" \/>\n<meta property=\"article:publisher\" content=\"https:\/\/www.facebook.com\/Targaltinternetis\" \/>\n<meta property=\"article:modified_time\" content=\"2023-03-02T10:15:30+00:00\" \/>\n<meta property=\"og:image\" content=\"https:\/\/www.targaltinternetis.ee\/wp-content\/uploads\/2022\/09\/meeting.jpg\" \/>\n\t<meta property=\"og:image:width\" content=\"640\" \/>\n\t<meta property=\"og:image:height\" content=\"423\" \/>\n\t<meta property=\"og:image:type\" content=\"image\/jpeg\" \/>\n<meta name=\"twitter:card\" content=\"summary_large_image\" \/>\n<meta name=\"twitter:label1\" content=\"\u041f\u0440\u0438\u043c\u0435\u0440\u043d\u043e\u0435 \u0432\u0440\u0435\u043c\u044f \u0434\u043b\u044f \u0447\u0442\u0435\u043d\u0438\u044f\" \/>\n\t<meta name=\"twitter:data1\" content=\"1 \u043c\u0438\u043d\u0443\u0442\u0430\" \/>\n<script type=\"application\/ld+json\" class=\"yoast-schema-graph\">{\"@context\":\"https:\\\/\\\/schema.org\",\"@graph\":[{\"@type\":\"WebPage\",\"@id\":\"https:\\\/\\\/www.targaltinternetis.ee\\\/ru\\\/%d0%bc%d0%b8%d1%81%d1%81%d0%b8%d1%8f-%d0%bf%d1%80%d0%be%d0%b5%d0%ba%d1%82%d0%b0\\\/%d0%ba%d0%be%d0%bd%d1%81%d1%83%d0%bb%d1%8c%d1%82%d0%b0%d1%82%d0%b8%d0%b2%d0%bd%d1%8b%d0%b9-%d1%81%d0%be%d0%b2%d0%b5%d1%82\\\/\",\"url\":\"https:\\\/\\\/www.targaltinternetis.ee\\\/ru\\\/%d0%bc%d0%b8%d1%81%d1%81%d0%b8%d1%8f-%d0%bf%d1%80%d0%be%d0%b5%d0%ba%d1%82%d0%b0\\\/%d0%ba%d0%be%d0%bd%d1%81%d1%83%d0%bb%d1%8c%d1%82%d0%b0%d1%82%d0%b8%d0%b2%d0%bd%d1%8b%d0%b9-%d1%81%d0%be%d0%b2%d0%b5%d1%82\\\/\",\"name\":\"\u041a\u043e\u043d\u0441\u0443\u043b\u044c\u0442\u0430\u0442\u0438\u0432\u043d\u044b\u0439 \u0441\u043e\u0432\u0435\u0442 - Targalt Internetis\",\"isPartOf\":{\"@id\":\"https:\\\/\\\/www.targaltinternetis.ee\\\/ru\\\/#website\"},\"primaryImageOfPage\":{\"@id\":\"https:\\\/\\\/www.targaltinternetis.ee\\\/ru\\\/%d0%bc%d0%b8%d1%81%d1%81%d0%b8%d1%8f-%d0%bf%d1%80%d0%be%d0%b5%d0%ba%d1%82%d0%b0\\\/%d0%ba%d0%be%d0%bd%d1%81%d1%83%d0%bb%d1%8c%d1%82%d0%b0%d1%82%d0%b8%d0%b2%d0%bd%d1%8b%d0%b9-%d1%81%d0%be%d0%b2%d0%b5%d1%82\\\/#primaryimage\"},\"image\":{\"@id\":\"https:\\\/\\\/www.targaltinternetis.ee\\\/ru\\\/%d0%bc%d0%b8%d1%81%d1%81%d0%b8%d1%8f-%d0%bf%d1%80%d0%be%d0%b5%d0%ba%d1%82%d0%b0\\\/%d0%ba%d0%be%d0%bd%d1%81%d1%83%d0%bb%d1%8c%d1%82%d0%b0%d1%82%d0%b8%d0%b2%d0%bd%d1%8b%d0%b9-%d1%81%d0%be%d0%b2%d0%b5%d1%82\\\/#primaryimage\"},\"thumbnailUrl\":\"https:\\\/\\\/www.targaltinternetis.ee\\\/wp-content\\\/uploads\\\/2022\\\/09\\\/meeting.jpg\",\"datePublished\":\"2015-12-14T15:58:46+00:00\",\"dateModified\":\"2023-03-02T10:15:30+00:00\",\"breadcrumb\":{\"@id\":\"https:\\\/\\\/www.targaltinternetis.ee\\\/ru\\\/%d0%bc%d0%b8%d1%81%d1%81%d0%b8%d1%8f-%d0%bf%d1%80%d0%be%d0%b5%d0%ba%d1%82%d0%b0\\\/%d0%ba%d0%be%d0%bd%d1%81%d1%83%d0%bb%d1%8c%d1%82%d0%b0%d1%82%d0%b8%d0%b2%d0%bd%d1%8b%d0%b9-%d1%81%d0%be%d0%b2%d0%b5%d1%82\\\/#breadcrumb\"},\"inLanguage\":\"ru-RU\",\"potentialAction\":[{\"@type\":\"ReadAction\",\"target\":[\"https:\\\/\\\/www.targaltinternetis.ee\\\/ru\\\/%d0%bc%d0%b8%d1%81%d1%81%d0%b8%d1%8f-%d0%bf%d1%80%d0%be%d0%b5%d0%ba%d1%82%d0%b0\\\/%d0%ba%d0%be%d0%bd%d1%81%d1%83%d0%bb%d1%8c%d1%82%d0%b0%d1%82%d0%b8%d0%b2%d0%bd%d1%8b%d0%b9-%d1%81%d0%be%d0%b2%d0%b5%d1%82\\\/\"]}]},{\"@type\":\"ImageObject\",\"inLanguage\":\"ru-RU\",\"@id\":\"https:\\\/\\\/www.targaltinternetis.ee\\\/ru\\\/%d0%bc%d0%b8%d1%81%d1%81%d0%b8%d1%8f-%d0%bf%d1%80%d0%be%d0%b5%d0%ba%d1%82%d0%b0\\\/%d0%ba%d0%be%d0%bd%d1%81%d1%83%d0%bb%d1%8c%d1%82%d0%b0%d1%82%d0%b8%d0%b2%d0%bd%d1%8b%d0%b9-%d1%81%d0%be%d0%b2%d0%b5%d1%82\\\/#primaryimage\",\"url\":\"https:\\\/\\\/www.targaltinternetis.ee\\\/wp-content\\\/uploads\\\/2022\\\/09\\\/meeting.jpg\",\"contentUrl\":\"https:\\\/\\\/www.targaltinternetis.ee\\\/wp-content\\\/uploads\\\/2022\\\/09\\\/meeting.jpg\",\"width\":640,\"height\":423},{\"@type\":\"BreadcrumbList\",\"@id\":\"https:\\\/\\\/www.targaltinternetis.ee\\\/ru\\\/%d0%bc%d0%b8%d1%81%d1%81%d0%b8%d1%8f-%d0%bf%d1%80%d0%be%d0%b5%d0%ba%d1%82%d0%b0\\\/%d0%ba%d0%be%d0%bd%d1%81%d1%83%d0%bb%d1%8c%d1%82%d0%b0%d1%82%d0%b8%d0%b2%d0%bd%d1%8b%d0%b9-%d1%81%d0%be%d0%b2%d0%b5%d1%82\\\/#breadcrumb\",\"itemListElement\":[{\"@type\":\"ListItem\",\"position\":1,\"name\":\"Home\",\"item\":\"https:\\\/\\\/www.targaltinternetis.ee\\\/\"},{\"@type\":\"ListItem\",\"position\":2,\"name\":\"\u041c\u0438\u0441\u0441\u0438\u044f \u043f\u0440\u043e\u0435\u043a\u0442\u0430\",\"item\":\"https:\\\/\\\/www.targaltinternetis.ee\\\/ru\\\/%d0%bc%d0%b8%d1%81%d1%81%d0%b8%d1%8f-%d0%bf%d1%80%d0%be%d0%b5%d0%ba%d1%82%d0%b0\\\/\"},{\"@type\":\"ListItem\",\"position\":3,\"name\":\"\u041a\u043e\u043d\u0441\u0443\u043b\u044c\u0442\u0430\u0442\u0438\u0432\u043d\u044b\u0439 \u0441\u043e\u0432\u0435\u0442\"}]},{\"@type\":\"WebSite\",\"@id\":\"https:\\\/\\\/www.targaltinternetis.ee\\\/ru\\\/#website\",\"url\":\"https:\\\/\\\/www.targaltinternetis.ee\\\/ru\\\/\",\"name\":\"Targalt Internetis\",\"description\":\"\",\"potentialAction\":[{\"@type\":\"SearchAction\",\"target\":{\"@type\":\"EntryPoint\",\"urlTemplate\":\"https:\\\/\\\/www.targaltinternetis.ee\\\/ru\\\/?s={search_term_string}\"},\"query-input\":{\"@type\":\"PropertyValueSpecification\",\"valueRequired\":true,\"valueName\":\"search_term_string\"}}],\"inLanguage\":\"ru-RU\"}]}<\/script>\n<!-- \/ Yoast SEO plugin. -->","yoast_head_json":{"title":"\u041a\u043e\u043d\u0441\u0443\u043b\u044c\u0442\u0430\u0442\u0438\u0432\u043d\u044b\u0439 \u0441\u043e\u0432\u0435\u0442 - Targalt Internetis","robots":{"index":"index","follow":"follow","max-snippet":"max-snippet:-1","max-image-preview":"max-image-preview:large","max-video-preview":"max-video-preview:-1"},"canonical":"https:\/\/www.targaltinternetis.ee\/ru\/\u043c\u0438\u0441\u0441\u0438\u044f-\u043f\u0440\u043e\u0435\u043a\u0442\u0430\/\u043a\u043e\u043d\u0441\u0443\u043b\u044c\u0442\u0430\u0442\u0438\u0432\u043d\u044b\u0439-\u0441\u043e\u0432\u0435\u0442\/","og_locale":"ru_RU","og_type":"article","og_title":"\u041a\u043e\u043d\u0441\u0443\u043b\u044c\u0442\u0430\u0442\u0438\u0432\u043d\u044b\u0439 \u0441\u043e\u0432\u0435\u0442 - Targalt Internetis","og_description":"\u041f\u0440\u0438 \u043f\u0440\u043e\u0435\u043a\u0442\u0435 \u0434\u0435\u0439\u0441\u0442\u0432\u0443\u0435\u0442 \u041a\u043e\u043d\u0441\u0443\u043b\u044c\u0442\u0430\u0442\u0438\u0432\u043d\u044b\u0439 \u0441\u043e\u0432\u0435\u0442, \u0447\u043b\u0435\u043d\u044b \u043a\u043e\u0442\u043e\u0440\u043e\u0433\u043e \u0434\u0430\u044e\u0442 \u0441\u0432\u043e\u0438 \u0437\u043d\u0430\u043d\u0438\u044f \u0438 \u043e\u043f\u044b\u0442 \u043d\u0430 \u0441\u043b\u0443\u0436\u0431\u0443 \u0443\u0441\u043f\u0435\u0448\u043d\u043e\u0433\u043e \u0434\u043e\u0441\u0442\u0438\u0436\u0435\u043d\u0438\u044f \u0446\u0435\u043b\u0435\u0439 \u043f\u0440\u043e\u0435\u043a\u0442\u0430. \u0427\u043b\u0435\u043d\u044b \u041a\u043e\u043d\u0441\u0443\u043b\u044c\u0442\u0430\u0442\u0438\u0432\u043d\u043e\u0433\u043e \u0441\u043e\u0432\u0435\u0442\u0430: Justiitsministeerium Haridus- ja Teadusministeerium Siseministeerium Andmekaitse Inspektsioon Kaitseministeerium Riigi Infos\u00fcsteemi Amet Majandus- ja Kommunikatsiooniministeerium Telia Eesti AS Tartu \u00dclikool Tallinna Tehnika\u00fclikool Lastevanemate Liit Koolips\u00fchholoogide Liit Eesti Informaatika \u00d5petajate Selts Eesti Infotehnoloogia ja Telekommunikatsiooni Liit&hellip;","og_url":"https:\/\/www.targaltinternetis.ee\/ru\/\u043c\u0438\u0441\u0441\u0438\u044f-\u043f\u0440\u043e\u0435\u043a\u0442\u0430\/\u043a\u043e\u043d\u0441\u0443\u043b\u044c\u0442\u0430\u0442\u0438\u0432\u043d\u044b\u0439-\u0441\u043e\u0432\u0435\u0442\/","og_site_name":"Targalt Internetis","article_publisher":"https:\/\/www.facebook.com\/Targaltinternetis","article_modified_time":"2023-03-02T10:15:30+00:00","og_image":[{"width":640,"height":423,"url":"https:\/\/www.targaltinternetis.ee\/wp-content\/uploads\/2022\/09\/meeting.jpg","type":"image\/jpeg"}],"twitter_card":"summary_large_image","twitter_misc":{"\u041f\u0440\u0438\u043c\u0435\u0440\u043d\u043e\u0435 \u0432\u0440\u0435\u043c\u044f \u0434\u043b\u044f \u0447\u0442\u0435\u043d\u0438\u044f":"1 \u043c\u0438\u043d\u0443\u0442\u0430"},"schema":{"@context":"https:\/\/schema.org","@graph":[{"@type":"WebPage","@id":"https:\/\/www.targaltinternetis.ee\/ru\/%d0%bc%d0%b8%d1%81%d1%81%d0%b8%d1%8f-%d0%bf%d1%80%d0%be%d0%b5%d0%ba%d1%82%d0%b0\/%d0%ba%d0%be%d0%bd%d1%81%d1%83%d0%bb%d1%8c%d1%82%d0%b0%d1%82%d0%b8%d0%b2%d0%bd%d1%8b%d0%b9-%d1%81%d0%be%d0%b2%d0%b5%d1%82\/","url":"https:\/\/www.targaltinternetis.ee\/ru\/%d0%bc%d0%b8%d1%81%d1%81%d0%b8%d1%8f-%d0%bf%d1%80%d0%be%d0%b5%d0%ba%d1%82%d0%b0\/%d0%ba%d0%be%d0%bd%d1%81%d1%83%d0%bb%d1%8c%d1%82%d0%b0%d1%82%d0%b8%d0%b2%d0%bd%d1%8b%d0%b9-%d1%81%d0%be%d0%b2%d0%b5%d1%82\/","name":"\u041a\u043e\u043d\u0441\u0443\u043b\u044c\u0442\u0430\u0442\u0438\u0432\u043d\u044b\u0439 \u0441\u043e\u0432\u0435\u0442 - Targalt Internetis","isPartOf":{"@id":"https:\/\/www.targaltinternetis.ee\/ru\/#website"},"primaryImageOfPage":{"@id":"https:\/\/www.targaltinternetis.ee\/ru\/%d0%bc%d0%b8%d1%81%d1%81%d0%b8%d1%8f-%d0%bf%d1%80%d0%be%d0%b5%d0%ba%d1%82%d0%b0\/%d0%ba%d0%be%d0%bd%d1%81%d1%83%d0%bb%d1%8c%d1%82%d0%b0%d1%82%d0%b8%d0%b2%d0%bd%d1%8b%d0%b9-%d1%81%d0%be%d0%b2%d0%b5%d1%82\/#primaryimage"},"image":{"@id":"https:\/\/www.targaltinternetis.ee\/ru\/%d0%bc%d0%b8%d1%81%d1%81%d0%b8%d1%8f-%d0%bf%d1%80%d0%be%d0%b5%d0%ba%d1%82%d0%b0\/%d0%ba%d0%be%d0%bd%d1%81%d1%83%d0%bb%d1%8c%d1%82%d0%b0%d1%82%d0%b8%d0%b2%d0%bd%d1%8b%d0%b9-%d1%81%d0%be%d0%b2%d0%b5%d1%82\/#primaryimage"},"thumbnailUrl":"https:\/\/www.targaltinternetis.ee\/wp-content\/uploads\/2022\/09\/meeting.jpg","datePublished":"2015-12-14T15:58:46+00:00","dateModified":"2023-03-02T10:15:30+00:00","breadcrumb":{"@id":"https:\/\/www.targaltinternetis.ee\/ru\/%d0%bc%d0%b8%d1%81%d1%81%d0%b8%d1%8f-%d0%bf%d1%80%d0%be%d0%b5%d0%ba%d1%82%d0%b0\/%d0%ba%d0%be%d0%bd%d1%81%d1%83%d0%bb%d1%8c%d1%82%d0%b0%d1%82%d0%b8%d0%b2%d0%bd%d1%8b%d0%b9-%d1%81%d0%be%d0%b2%d0%b5%d1%82\/#breadcrumb"},"inLanguage":"ru-RU","potentialAction":[{"@type":"ReadAction","target":["https:\/\/www.targaltinternetis.ee\/ru\/%d0%bc%d0%b8%d1%81%d1%81%d0%b8%d1%8f-%d0%bf%d1%80%d0%be%d0%b5%d0%ba%d1%82%d0%b0\/%d0%ba%d0%be%d0%bd%d1%81%d1%83%d0%bb%d1%8c%d1%82%d0%b0%d1%82%d0%b8%d0%b2%d0%bd%d1%8b%d0%b9-%d1%81%d0%be%d0%b2%d0%b5%d1%82\/"]}]},{"@type":"ImageObject","inLanguage":"ru-RU","@id":"https:\/\/www.targaltinternetis.ee\/ru\/%d0%bc%d0%b8%d1%81%d1%81%d0%b8%d1%8f-%d0%bf%d1%80%d0%be%d0%b5%d0%ba%d1%82%d0%b0\/%d0%ba%d0%be%d0%bd%d1%81%d1%83%d0%bb%d1%8c%d1%82%d0%b0%d1%82%d0%b8%d0%b2%d0%bd%d1%8b%d0%b9-%d1%81%d0%be%d0%b2%d0%b5%d1%82\/#primaryimage","url":"https:\/\/www.targaltinternetis.ee\/wp-content\/uploads\/2022\/09\/meeting.jpg","contentUrl":"https:\/\/www.targaltinternetis.ee\/wp-content\/uploads\/2022\/09\/meeting.jpg","width":640,"height":423},{"@type":"BreadcrumbList","@id":"https:\/\/www.targaltinternetis.ee\/ru\/%d0%bc%d0%b8%d1%81%d1%81%d0%b8%d1%8f-%d0%bf%d1%80%d0%be%d0%b5%d0%ba%d1%82%d0%b0\/%d0%ba%d0%be%d0%bd%d1%81%d1%83%d0%bb%d1%8c%d1%82%d0%b0%d1%82%d0%b8%d0%b2%d0%bd%d1%8b%d0%b9-%d1%81%d0%be%d0%b2%d0%b5%d1%82\/#breadcrumb","itemListElement":[{"@type":"ListItem","position":1,"name":"Home","item":"https:\/\/www.targaltinternetis.ee\/"},{"@type":"ListItem","position":2,"name":"\u041c\u0438\u0441\u0441\u0438\u044f \u043f\u0440\u043e\u0435\u043a\u0442\u0430","item":"https:\/\/www.targaltinternetis.ee\/ru\/%d0%bc%d0%b8%d1%81%d1%81%d0%b8%d1%8f-%d0%bf%d1%80%d0%be%d0%b5%d0%ba%d1%82%d0%b0\/"},{"@type":"ListItem","position":3,"name":"\u041a\u043e\u043d\u0441\u0443\u043b\u044c\u0442\u0430\u0442\u0438\u0432\u043d\u044b\u0439 \u0441\u043e\u0432\u0435\u0442"}]},{"@type":"WebSite","@id":"https:\/\/www.targaltinternetis.ee\/ru\/#website","url":"https:\/\/www.targaltinternetis.ee\/ru\/","name":"Targalt Internetis","description":"","potentialAction":[{"@type":"SearchAction","target":{"@type":"EntryPoint","urlTemplate":"https:\/\/www.targaltinternetis.ee\/ru\/?s={search_term_string}"},"query-input":{"@type":"PropertyValueSpecification","valueRequired":true,"valueName":"search_term_string"}}],"inLanguage":"ru-RU"}]}},"_links":{"self":[{"href":"https:\/\/www.targaltinternetis.ee\/ru\/wp-json\/wp\/v2\/pages\/1724","targetHints":{"allow":["GET"]}}],"collection":[{"href":"https:\/\/www.targaltinternetis.ee\/ru\/wp-json\/wp\/v2\/pages"}],"about":[{"href":"https:\/\/www.targaltinternetis.ee\/ru\/wp-json\/wp\/v2\/types\/page"}],"author":[{"embeddable":true,"href":"https:\/\/www.targaltinternetis.ee\/ru\/wp-json\/wp\/v2\/users\/1"}],"replies":[{"embeddable":true,"href":"https:\/\/www.targaltinternetis.ee\/ru\/wp-json\/wp\/v2\/comments?post=1724"}],"version-history":[{"count":5,"href":"https:\/\/www.targaltinternetis.ee\/ru\/wp-json\/wp\/v2\/pages\/1724\/revisions"}],"predecessor-version":[{"id":9116,"href":"https:\/\/www.targaltinternetis.ee\/ru\/wp-json\/wp\/v2\/pages\/1724\/revisions\/9116"}],"up":[{"embeddable":true,"href":"https:\/\/www.targaltinternetis.ee\/ru\/wp-json\/wp\/v2\/pages\/1722"}],"wp:featuredmedia":[{"embeddable":true,"href":"https:\/\/www.targaltinternetis.ee\/ru\/wp-json\/wp\/v2\/media\/7588"}],"wp:attachment":[{"href":"https:\/\/www.targaltinternetis.ee\/ru\/wp-json\/wp\/v2\/media?parent=1724"}],"wp:term":[{"taxonomy":"post_tag","embeddable":true,"href":"https:\/\/www.targaltinternetis.ee\/ru\/wp-json\/wp\/v2\/tags?post=1724"}],"curies":[{"name":"wp","href":"https:\/\/api.w.org\/{rel}","templated":true}]}}