{"id":1745,"date":"2015-12-09T13:30:58","date_gmt":"2015-12-09T11:30:58","guid":{"rendered":"http:\/\/www.targaltinternetis.ee\/ru\/opetajatele\/oppematerjalid\/"},"modified":"2015-12-29T14:51:15","modified_gmt":"2015-12-29T12:51:15","slug":"%d1%83%d1%87%d0%b5%d0%b1%d0%bd%d1%8b%d0%b5-%d0%bc%d0%b0%d1%82%d0%b5%d1%80%d0%b8%d0%b0%d0%bb%d1%8b","status":"publish","type":"page","link":"https:\/\/www.targaltinternetis.ee\/ru\/%d0%b4%d0%bb%d1%8f-%d1%83%d1%87%d0%b8%d1%82%d0%b5%d0%bb%d0%b5%d0%b9\/%d1%83%d1%87%d0%b5%d0%b1%d0%bd%d1%8b%d0%b5-%d0%bc%d0%b0%d1%82%d0%b5%d1%80%d0%b8%d0%b0%d0%bb%d1%8b\/","title":{"rendered":"\u0423\u0447\u0435\u0431\u043d\u044b\u0435 \u043c\u0430\u0442\u0435\u0440\u0438\u0430\u043b\u044b"},"content":{"rendered":"<p><strong>\u0414\u043e\u0440\u043e\u0433\u043e\u0439 \u0443\u0447\u0438\u0442\u0435\u043b\u044c!<\/strong><\/p>\n<p>\u0423\u0447\u0435\u0431\u043d\u044b\u0435 \u043c\u0430\u0442\u0435\u0440\u0438\u0430\u043b\u044b, \u0441\u043e\u0437\u0434\u0430\u043d\u043d\u044b\u0435 \u0432 \u0440\u0430\u043c\u043a\u0430\u0445 \u043f\u0440\u043e\u0435\u043a\u0442\u0430 Targalt internetis,\u00a0 \u043f\u0440\u0435\u0434\u043d\u0430\u0437\u043d\u0430\u0447\u0435\u043d\u044b \u0434\u043b\u044f \u0438\u0441\u043f\u043e\u043b\u044c\u0437\u043e\u0432\u0430\u043d\u0438\u044f \u0432 \u043e\u0441\u043d\u043e\u0432\u043d\u043e\u0439 \u0448\u043a\u043e\u043b\u0435. \u041d\u0430\u0448\u0430 \u0446\u0435\u043b\u044c \u2014 \u00a0\u043f\u043e\u0432\u044b\u0441\u0438\u0442\u044c \u0443\u0440\u043e\u0432\u0435\u043d\u044c \u0437\u043d\u0430\u043d\u0438\u0439\u00a0 \u0443\u0447\u0430\u0449\u0438\u0445\u0441\u044f \u043e \u0442\u043e\u043c, \u043a\u0430\u043a \u043f\u043e\u0441\u0440\u0435\u0434\u0441\u0442\u0432\u043e\u043c \u0418\u043d\u0442\u0435\u0440\u043d\u0435\u0442\u0430 \u0431\u0435\u0437\u043e\u043f\u0430\u0441\u043d\u043e \u043e\u0431\u0449\u0430\u0442\u044c\u0441\u044f \u0441 \u043c\u0438\u0440\u043e\u043c. \u041e\u0431\u0449\u0435\u043d\u0438\u0435 \u0432 \u0438\u043d\u0442\u0435\u0440\u043d\u0435\u0442\u0435 \u043f\u043e \u0431\u043e\u043b\u044c\u0448\u043e\u043c\u0443 \u0441\u0447\u0435\u0442\u0443 \u043d\u0435 \u043e\u0442\u043b\u0438\u0447\u0430\u0435\u0442\u0441\u044f \u043e\u0442 \u043e\u0431\u044b\u0447\u043d\u043e\u0433\u043e \u043e\u0431\u0449\u0435\u043d\u0438\u044f. \u041a\u0430\u043a \u043f\u0440\u0438 \u043e\u0431\u044b\u0447\u043d\u043e\u043c, \u0442\u0430\u043a \u0438 \u043f\u0440\u0438 \u0432\u0438\u0440\u0442\u0443\u0430\u043b\u044c\u043d\u043e\u043c \u043e\u0431\u0449\u0435\u043d\u0438\u0438 \u043d\u0435\u043e\u0431\u0445\u043e\u0434\u0438\u043c\u043e \u0441\u0447\u0438\u0442\u0430\u0442\u044c\u0441\u044f \u0441 \u0441\u043e\u0431\u0435\u0441\u0435\u0434\u043d\u0438\u043a\u043e\u043c, \u0431\u044b\u0442\u044c \u0432\u0435\u0436\u043b\u0438\u0432\u044b\u043c \u0438 \u043e\u0441\u043e\u0437\u043d\u0430\u0432\u0430\u0442\u044c \u0432\u043e\u0437\u043c\u043e\u0436\u043d\u044b\u0435 \u043f\u043e\u0441\u043b\u0435\u0434\u0441\u0442\u0432\u0438\u044f \u043d\u0435\u043e\u0431\u0434\u0443\u043c\u0430\u043d\u043d\u044b\u0445 \u0441\u043b\u043e\u0432 \u0438\u043b\u0438 \u043f\u043e\u0441\u0442\u0443\u043f\u043a\u043e\u0432. \u0427\u0430\u0441\u0442\u043e \u0443\u0447\u0435\u043d\u0438\u043a\u0438 \u0441\u0447\u0438\u0442\u0430\u044e\u0442 \u0441\u0435\u0431\u044f \u0431\u043e\u043b\u0435\u0435 \u043a\u043e\u043c\u043f\u0435\u0442\u0435\u043d\u0442\u043d\u044b\u043c\u0438 \u0432 \u0441\u0444\u0435\u0440\u0435 \u0418\u043d\u0442\u0435\u0440\u043d\u0435\u0442\u0430, \u0447\u0435\u043c \u0432\u0437\u0440\u043e\u0441\u043b\u044b\u0435 \u0438 \u0438\u0441\u043a\u0440\u0435\u043d\u043d\u0435 \u0432\u0435\u0440\u044f\u0442, \u0447\u0442\u043e \u043c\u043e\u0433\u0443\u0442 \u043a\u043e\u043d\u0442\u0440\u043e\u043b\u0438\u0440\u043e\u0432\u0430\u0442\u044c \u0432\u0441\u0435, \u0447\u0442\u043e \u0441 \u043d\u0438\u043c\u0438 \u043f\u0440\u043e\u0438\u0441\u0445\u043e\u0434\u0438\u0442 \u0432 \u0441\u0435\u0442\u0438.<\/p>\n<p>\u042d\u0442\u0438 \u043c\u0430\u0442\u0435\u0440\u0438\u0430\u043b\u044b \u043f\u0440\u0435\u0434\u043d\u0430\u0437\u043d\u0430\u0447\u0435\u043d\u044b \u0432 \u043f\u043e\u043c\u043e\u0449\u044c \u0443\u0447\u0438\u0442\u0435\u043b\u044e \u0434\u043b\u044f \u043f\u0440\u043e\u0432\u0435\u0434\u0435\u043d\u0438<a href=\"https:\/\/www.targaltinternetis.ee\/wp-content\/uploads\/2015\/12\/Lisa-2-Mida-teha-kui-on-juhtunud_vene.ppt\" rel=\"\">\u0427\u0442\u043e \u0434\u0435\u043b\u0430\u0442\u044c, \u0435\u0441\u043b\u0438 \u0441\u043b\u0443\u0447\u0438\u043b\u043e\u0441\u044c\u2026<\/a>\u044f \u0443\u0440\u043e\u043a\u043e\u0432 \u0438\u043b\u0438 \u0432\u043d\u0435\u043a\u043b\u0430\u0441\u0441\u043d\u044b\u0445 \u043c\u0435\u0440\u043e\u043f\u0440\u0438\u044f\u0442\u0438\u0439 \u043d\u0430 \u0442\u0435\u043c\u0443 \u00ab\u0411\u0435\u0437\u043e\u043f\u0430\u0441\u043d\u043e\u0441\u0442\u044c \u0432 \u0418\u043d\u0442\u0435\u0440\u043d\u0435\u0442\u0435\u00bb (\u043d\u0430 \u0443\u0440\u043e\u043a\u0430\u0445 \u0438\u043d\u0444\u043e\u0440\u043c\u0430\u0442\u0438\u043a\u0438, \u0447\u0435\u043b\u043e\u0432\u0435\u043a\u043e\u0432\u0435\u0434\u0435\u043d\u0438\u044f, \u044d\u0441\u0442\u043e\u043d\u0441\u043a\u043e\u0433\u043e \u044f\u0437\u044b\u043a\u0430, \u043a\u043b\u0430\u0441\u0441\u043d\u044b\u0445 \u0447\u0430\u0441\u043e\u0432 \u0438 \u0442.\u0434.). \u0412\u044b \u043c\u043e\u0436\u0435\u0442\u0435 \u043a\u043e\u043c\u0431\u0438\u043d\u0438\u0440\u043e\u0432\u0430\u0442\u044c \u044d\u0442\u0438 \u043c\u0430\u0442\u0435\u0440\u0438\u0430\u043b\u044b \u043f\u043e \u0441\u043e\u0431\u0441\u0442\u0432\u0435\u043d\u043d\u043e\u043c\u0443 \u0443\u0441\u043c\u043e\u0442\u0440\u0435\u043d\u0438\u044e \u0438 \u0441\u043e\u0441\u0442\u0430\u0432\u0438\u0442\u044c \u0441\u043e\u0431\u0441\u0442\u0432\u0435\u043d\u043d\u044b\u0439 \u043a\u043e\u043c\u043f\u043b\u0435\u043a\u0442 \u0432 \u0437\u0430\u0432\u0438\u0441\u0438\u043c\u043e\u0441\u0442\u0438 \u043e\u0442 \u043f\u043e\u0442\u0440\u0435\u0431\u043d\u043e\u0441\u0442\u0435\u0439 \u0443\u0447\u0435\u043d\u0438\u043a\u043e\u0432 \u0432\u0430\u0448\u0435\u0439 \u0448\u043a\u043e\u043b\u044b.<\/p>\n<p>\u041a\u043e\u043c\u043f\u043b\u0435\u043a\u0442 \u0443\u0447\u0435\u0431\u043d\u044b\u0445 \u043c\u0430\u0442\u0435\u0440\u0438\u0430\u043b\u043e\u0432 \u043c\u043e\u0436\u0435\u0442 \u0441\u043e\u0434\u0435\u0440\u0436\u0430\u0442\u044c:<\/p>\n<ul>\n<li>\u0412\u0432\u0435\u0434\u0435\u043d\u0438\u0435 \u0432 \u0442\u0435\u043c\u0443<\/li>\n<li>\u0412\u0432\u0435\u0434\u0435\u043d\u0438\u0435 \u0432 \u0433\u0440\u0443\u043f\u043f\u043e\u0432\u0443\u044e \u0440\u0430\u0431\u043e\u0442\u0443<\/li>\n<li>\u0417\u0430\u0434\u0430\u043d\u0438\u044f<\/li>\n<li>\u0414\u043e\u043c\u0430\u0448\u043d\u0438\u0435 \u0440\u0430\u0431\u043e\u0442\u044b<\/li>\n<\/ul>\n<p><a href=\"https:\/\/www.targaltinternetis.ee\/wp-content\/uploads\/2015\/12\/Targalt-Internetis_vene3.docx\" rel=\"\">\u0423\u0447\u0435\u0431\u043d\u044b\u0435 \u043c\u0430\u0442\u0435\u0440\u0438\u0430\u043b\u044b<\/a><\/p>\n<p><a href=\"https:\/\/www.targaltinternetis.ee\/wp-content\/uploads\/2015\/12\/Lisa-1-V\u00e4ljam\u00f5eldis-v\u00f5i-tegelikkus_vene.ppt\" rel=\"\">\u0412\u044b\u0434\u0443\u043c\u0430\u043d\u043d\u043e\u0435 \u0438\u043b\u0438 \u0440\u0435\u0430\u043b\u044c\u043d\u043e\u0441\u0442\u044c<\/a><\/p>\n<p>\u0427\u0442\u043e \u0434\u0435\u043b\u0430\u0442\u044c, \u0435\u0441\u043b\u0438 \u0441\u043b\u0443\u0447\u0438\u043b\u043e\u0441\u044c\u2026<\/p>\n","protected":false},"excerpt":{"rendered":"<p>\u0414\u043e\u0440\u043e\u0433\u043e\u0439 \u0443\u0447\u0438\u0442\u0435\u043b\u044c! \u0423\u0447\u0435\u0431\u043d\u044b\u0435 \u043c\u0430\u0442\u0435\u0440\u0438\u0430\u043b\u044b, \u0441\u043e\u0437\u0434\u0430\u043d\u043d\u044b\u0435 \u0432 \u0440\u0430\u043c\u043a\u0430\u0445 \u043f\u0440\u043e\u0435\u043a\u0442\u0430 Targalt internetis,\u00a0 \u043f\u0440\u0435\u0434\u043d\u0430\u0437\u043d\u0430\u0447\u0435\u043d\u044b \u0434\u043b\u044f \u0438\u0441\u043f\u043e\u043b\u044c\u0437\u043e\u0432\u0430\u043d\u0438\u044f \u0432 \u043e\u0441\u043d\u043e\u0432\u043d\u043e\u0439 \u0448\u043a\u043e\u043b\u0435. \u041d\u0430\u0448\u0430 \u0446\u0435\u043b\u044c \u2014 \u00a0\u043f\u043e\u0432\u044b\u0441\u0438\u0442\u044c \u0443\u0440\u043e\u0432\u0435\u043d\u044c \u0437\u043d\u0430\u043d\u0438\u0439\u00a0 \u0443\u0447\u0430\u0449\u0438\u0445\u0441\u044f \u043e \u0442\u043e\u043c, \u043a\u0430\u043a \u043f\u043e\u0441\u0440\u0435\u0434\u0441\u0442\u0432\u043e\u043c \u0418\u043d\u0442\u0435\u0440\u043d\u0435\u0442\u0430 \u0431\u0435\u0437\u043e\u043f\u0430\u0441\u043d\u043e \u043e\u0431\u0449\u0430\u0442\u044c\u0441\u044f \u0441 \u043c\u0438\u0440\u043e\u043c. \u041e\u0431\u0449\u0435\u043d\u0438\u0435 \u0432 \u0438\u043d\u0442\u0435\u0440\u043d\u0435\u0442\u0435 \u043f\u043e \u0431\u043e\u043b\u044c\u0448\u043e\u043c\u0443 \u0441\u0447\u0435\u0442\u0443 \u043d\u0435 \u043e\u0442\u043b\u0438\u0447\u0430\u0435\u0442\u0441\u044f \u043e\u0442 \u043e\u0431\u044b\u0447\u043d\u043e\u0433\u043e \u043e\u0431\u0449\u0435\u043d\u0438\u044f. \u041a\u0430\u043a \u043f\u0440\u0438 \u043e\u0431\u044b\u0447\u043d\u043e\u043c, \u0442\u0430\u043a \u0438 \u043f\u0440\u0438 \u0432\u0438\u0440\u0442\u0443\u0430\u043b\u044c\u043d\u043e\u043c \u043e\u0431\u0449\u0435\u043d\u0438\u0438 \u043d\u0435\u043e\u0431\u0445\u043e\u0434\u0438\u043c\u043e \u0441\u0447\u0438\u0442\u0430\u0442\u044c\u0441\u044f \u0441 \u0441\u043e\u0431\u0435\u0441\u0435\u0434\u043d\u0438\u043a\u043e\u043c,&hellip;<\/p>\n","protected":false},"author":1,"featured_media":0,"parent":1743,"menu_order":0,"comment_status":"closed","ping_status":"closed","template":"","meta":{"_acf_changed":false,"footnotes":""},"tags":[],"class_list":["post-1745","page","type-page","status-publish","hentry"],"acf":[],"yoast_head":"<!-- This site is optimized with the Yoast SEO plugin v27.3 - https:\/\/yoast.com\/product\/yoast-seo-wordpress\/ -->\n<title>\u0423\u0447\u0435\u0431\u043d\u044b\u0435 \u043c\u0430\u0442\u0435\u0440\u0438\u0430\u043b\u044b - Targalt Internetis<\/title>\n<meta name=\"robots\" content=\"index, follow, max-snippet:-1, max-image-preview:large, max-video-preview:-1\" \/>\n<link rel=\"canonical\" href=\"https:\/\/www.targaltinternetis.ee\/ru\/\u0434\u043b\u044f-\u0443\u0447\u0438\u0442\u0435\u043b\u0435\u0439\/\u0443\u0447\u0435\u0431\u043d\u044b\u0435-\u043c\u0430\u0442\u0435\u0440\u0438\u0430\u043b\u044b\/\" \/>\n<meta property=\"og:locale\" content=\"ru_RU\" \/>\n<meta property=\"og:type\" content=\"article\" \/>\n<meta property=\"og:title\" content=\"\u0423\u0447\u0435\u0431\u043d\u044b\u0435 \u043c\u0430\u0442\u0435\u0440\u0438\u0430\u043b\u044b - Targalt Internetis\" \/>\n<meta property=\"og:description\" content=\"\u0414\u043e\u0440\u043e\u0433\u043e\u0439 \u0443\u0447\u0438\u0442\u0435\u043b\u044c! \u0423\u0447\u0435\u0431\u043d\u044b\u0435 \u043c\u0430\u0442\u0435\u0440\u0438\u0430\u043b\u044b, \u0441\u043e\u0437\u0434\u0430\u043d\u043d\u044b\u0435 \u0432 \u0440\u0430\u043c\u043a\u0430\u0445 \u043f\u0440\u043e\u0435\u043a\u0442\u0430 Targalt internetis,\u00a0 \u043f\u0440\u0435\u0434\u043d\u0430\u0437\u043d\u0430\u0447\u0435\u043d\u044b \u0434\u043b\u044f \u0438\u0441\u043f\u043e\u043b\u044c\u0437\u043e\u0432\u0430\u043d\u0438\u044f \u0432 \u043e\u0441\u043d\u043e\u0432\u043d\u043e\u0439 \u0448\u043a\u043e\u043b\u0435. \u041d\u0430\u0448\u0430 \u0446\u0435\u043b\u044c \u2014 \u00a0\u043f\u043e\u0432\u044b\u0441\u0438\u0442\u044c \u0443\u0440\u043e\u0432\u0435\u043d\u044c \u0437\u043d\u0430\u043d\u0438\u0439\u00a0 \u0443\u0447\u0430\u0449\u0438\u0445\u0441\u044f \u043e \u0442\u043e\u043c, \u043a\u0430\u043a \u043f\u043e\u0441\u0440\u0435\u0434\u0441\u0442\u0432\u043e\u043c \u0418\u043d\u0442\u0435\u0440\u043d\u0435\u0442\u0430 \u0431\u0435\u0437\u043e\u043f\u0430\u0441\u043d\u043e \u043e\u0431\u0449\u0430\u0442\u044c\u0441\u044f \u0441 \u043c\u0438\u0440\u043e\u043c. \u041e\u0431\u0449\u0435\u043d\u0438\u0435 \u0432 \u0438\u043d\u0442\u0435\u0440\u043d\u0435\u0442\u0435 \u043f\u043e \u0431\u043e\u043b\u044c\u0448\u043e\u043c\u0443 \u0441\u0447\u0435\u0442\u0443 \u043d\u0435 \u043e\u0442\u043b\u0438\u0447\u0430\u0435\u0442\u0441\u044f \u043e\u0442 \u043e\u0431\u044b\u0447\u043d\u043e\u0433\u043e \u043e\u0431\u0449\u0435\u043d\u0438\u044f. \u041a\u0430\u043a \u043f\u0440\u0438 \u043e\u0431\u044b\u0447\u043d\u043e\u043c, \u0442\u0430\u043a \u0438 \u043f\u0440\u0438 \u0432\u0438\u0440\u0442\u0443\u0430\u043b\u044c\u043d\u043e\u043c \u043e\u0431\u0449\u0435\u043d\u0438\u0438 \u043d\u0435\u043e\u0431\u0445\u043e\u0434\u0438\u043c\u043e \u0441\u0447\u0438\u0442\u0430\u0442\u044c\u0441\u044f \u0441 \u0441\u043e\u0431\u0435\u0441\u0435\u0434\u043d\u0438\u043a\u043e\u043c,&hellip;\" \/>\n<meta property=\"og:url\" content=\"https:\/\/www.targaltinternetis.ee\/ru\/\u0434\u043b\u044f-\u0443\u0447\u0438\u0442\u0435\u043b\u0435\u0439\/\u0443\u0447\u0435\u0431\u043d\u044b\u0435-\u043c\u0430\u0442\u0435\u0440\u0438\u0430\u043b\u044b\/\" \/>\n<meta property=\"og:site_name\" content=\"Targalt Internetis\" \/>\n<meta property=\"article:publisher\" content=\"https:\/\/www.facebook.com\/Targaltinternetis\" \/>\n<meta property=\"article:modified_time\" content=\"2015-12-29T12:51:15+00:00\" \/>\n<meta name=\"twitter:card\" content=\"summary_large_image\" \/>\n<script type=\"application\/ld+json\" class=\"yoast-schema-graph\">{\"@context\":\"https:\\\/\\\/schema.org\",\"@graph\":[{\"@type\":\"WebPage\",\"@id\":\"https:\\\/\\\/www.targaltinternetis.ee\\\/ru\\\/%d0%b4%d0%bb%d1%8f-%d1%83%d1%87%d0%b8%d1%82%d0%b5%d0%bb%d0%b5%d0%b9\\\/%d1%83%d1%87%d0%b5%d0%b1%d0%bd%d1%8b%d0%b5-%d0%bc%d0%b0%d1%82%d0%b5%d1%80%d0%b8%d0%b0%d0%bb%d1%8b\\\/\",\"url\":\"https:\\\/\\\/www.targaltinternetis.ee\\\/ru\\\/%d0%b4%d0%bb%d1%8f-%d1%83%d1%87%d0%b8%d1%82%d0%b5%d0%bb%d0%b5%d0%b9\\\/%d1%83%d1%87%d0%b5%d0%b1%d0%bd%d1%8b%d0%b5-%d0%bc%d0%b0%d1%82%d0%b5%d1%80%d0%b8%d0%b0%d0%bb%d1%8b\\\/\",\"name\":\"\u0423\u0447\u0435\u0431\u043d\u044b\u0435 \u043c\u0430\u0442\u0435\u0440\u0438\u0430\u043b\u044b - Targalt Internetis\",\"isPartOf\":{\"@id\":\"https:\\\/\\\/www.targaltinternetis.ee\\\/ru\\\/#website\"},\"datePublished\":\"2015-12-09T11:30:58+00:00\",\"dateModified\":\"2015-12-29T12:51:15+00:00\",\"breadcrumb\":{\"@id\":\"https:\\\/\\\/www.targaltinternetis.ee\\\/ru\\\/%d0%b4%d0%bb%d1%8f-%d1%83%d1%87%d0%b8%d1%82%d0%b5%d0%bb%d0%b5%d0%b9\\\/%d1%83%d1%87%d0%b5%d0%b1%d0%bd%d1%8b%d0%b5-%d0%bc%d0%b0%d1%82%d0%b5%d1%80%d0%b8%d0%b0%d0%bb%d1%8b\\\/#breadcrumb\"},\"inLanguage\":\"ru-RU\",\"potentialAction\":[{\"@type\":\"ReadAction\",\"target\":[\"https:\\\/\\\/www.targaltinternetis.ee\\\/ru\\\/%d0%b4%d0%bb%d1%8f-%d1%83%d1%87%d0%b8%d1%82%d0%b5%d0%bb%d0%b5%d0%b9\\\/%d1%83%d1%87%d0%b5%d0%b1%d0%bd%d1%8b%d0%b5-%d0%bc%d0%b0%d1%82%d0%b5%d1%80%d0%b8%d0%b0%d0%bb%d1%8b\\\/\"]}]},{\"@type\":\"BreadcrumbList\",\"@id\":\"https:\\\/\\\/www.targaltinternetis.ee\\\/ru\\\/%d0%b4%d0%bb%d1%8f-%d1%83%d1%87%d0%b8%d1%82%d0%b5%d0%bb%d0%b5%d0%b9\\\/%d1%83%d1%87%d0%b5%d0%b1%d0%bd%d1%8b%d0%b5-%d0%bc%d0%b0%d1%82%d0%b5%d1%80%d0%b8%d0%b0%d0%bb%d1%8b\\\/#breadcrumb\",\"itemListElement\":[{\"@type\":\"ListItem\",\"position\":1,\"name\":\"Home\",\"item\":\"https:\\\/\\\/www.targaltinternetis.ee\\\/\"},{\"@type\":\"ListItem\",\"position\":2,\"name\":\"\u0414\u043b\u044f \u0443\u0447\u0438\u0442\u0435\u043b\u0435\u0439\",\"item\":\"https:\\\/\\\/www.targaltinternetis.ee\\\/ru\\\/%d0%b4%d0%bb%d1%8f-%d1%83%d1%87%d0%b8%d1%82%d0%b5%d0%bb%d0%b5%d0%b9\\\/\"},{\"@type\":\"ListItem\",\"position\":3,\"name\":\"\u0423\u0447\u0435\u0431\u043d\u044b\u0435 \u043c\u0430\u0442\u0435\u0440\u0438\u0430\u043b\u044b\"}]},{\"@type\":\"WebSite\",\"@id\":\"https:\\\/\\\/www.targaltinternetis.ee\\\/ru\\\/#website\",\"url\":\"https:\\\/\\\/www.targaltinternetis.ee\\\/ru\\\/\",\"name\":\"Targalt Internetis\",\"description\":\"\",\"potentialAction\":[{\"@type\":\"SearchAction\",\"target\":{\"@type\":\"EntryPoint\",\"urlTemplate\":\"https:\\\/\\\/www.targaltinternetis.ee\\\/ru\\\/?s={search_term_string}\"},\"query-input\":{\"@type\":\"PropertyValueSpecification\",\"valueRequired\":true,\"valueName\":\"search_term_string\"}}],\"inLanguage\":\"ru-RU\"}]}<\/script>\n<!-- \/ Yoast SEO plugin. -->","yoast_head_json":{"title":"\u0423\u0447\u0435\u0431\u043d\u044b\u0435 \u043c\u0430\u0442\u0435\u0440\u0438\u0430\u043b\u044b - Targalt Internetis","robots":{"index":"index","follow":"follow","max-snippet":"max-snippet:-1","max-image-preview":"max-image-preview:large","max-video-preview":"max-video-preview:-1"},"canonical":"https:\/\/www.targaltinternetis.ee\/ru\/\u0434\u043b\u044f-\u0443\u0447\u0438\u0442\u0435\u043b\u0435\u0439\/\u0443\u0447\u0435\u0431\u043d\u044b\u0435-\u043c\u0430\u0442\u0435\u0440\u0438\u0430\u043b\u044b\/","og_locale":"ru_RU","og_type":"article","og_title":"\u0423\u0447\u0435\u0431\u043d\u044b\u0435 \u043c\u0430\u0442\u0435\u0440\u0438\u0430\u043b\u044b - Targalt Internetis","og_description":"\u0414\u043e\u0440\u043e\u0433\u043e\u0439 \u0443\u0447\u0438\u0442\u0435\u043b\u044c! \u0423\u0447\u0435\u0431\u043d\u044b\u0435 \u043c\u0430\u0442\u0435\u0440\u0438\u0430\u043b\u044b, \u0441\u043e\u0437\u0434\u0430\u043d\u043d\u044b\u0435 \u0432 \u0440\u0430\u043c\u043a\u0430\u0445 \u043f\u0440\u043e\u0435\u043a\u0442\u0430 Targalt internetis,\u00a0 \u043f\u0440\u0435\u0434\u043d\u0430\u0437\u043d\u0430\u0447\u0435\u043d\u044b \u0434\u043b\u044f \u0438\u0441\u043f\u043e\u043b\u044c\u0437\u043e\u0432\u0430\u043d\u0438\u044f \u0432 \u043e\u0441\u043d\u043e\u0432\u043d\u043e\u0439 \u0448\u043a\u043e\u043b\u0435. \u041d\u0430\u0448\u0430 \u0446\u0435\u043b\u044c \u2014 \u00a0\u043f\u043e\u0432\u044b\u0441\u0438\u0442\u044c \u0443\u0440\u043e\u0432\u0435\u043d\u044c \u0437\u043d\u0430\u043d\u0438\u0439\u00a0 \u0443\u0447\u0430\u0449\u0438\u0445\u0441\u044f \u043e \u0442\u043e\u043c, \u043a\u0430\u043a \u043f\u043e\u0441\u0440\u0435\u0434\u0441\u0442\u0432\u043e\u043c \u0418\u043d\u0442\u0435\u0440\u043d\u0435\u0442\u0430 \u0431\u0435\u0437\u043e\u043f\u0430\u0441\u043d\u043e \u043e\u0431\u0449\u0430\u0442\u044c\u0441\u044f \u0441 \u043c\u0438\u0440\u043e\u043c. \u041e\u0431\u0449\u0435\u043d\u0438\u0435 \u0432 \u0438\u043d\u0442\u0435\u0440\u043d\u0435\u0442\u0435 \u043f\u043e \u0431\u043e\u043b\u044c\u0448\u043e\u043c\u0443 \u0441\u0447\u0435\u0442\u0443 \u043d\u0435 \u043e\u0442\u043b\u0438\u0447\u0430\u0435\u0442\u0441\u044f \u043e\u0442 \u043e\u0431\u044b\u0447\u043d\u043e\u0433\u043e \u043e\u0431\u0449\u0435\u043d\u0438\u044f. \u041a\u0430\u043a \u043f\u0440\u0438 \u043e\u0431\u044b\u0447\u043d\u043e\u043c, \u0442\u0430\u043a \u0438 \u043f\u0440\u0438 \u0432\u0438\u0440\u0442\u0443\u0430\u043b\u044c\u043d\u043e\u043c \u043e\u0431\u0449\u0435\u043d\u0438\u0438 \u043d\u0435\u043e\u0431\u0445\u043e\u0434\u0438\u043c\u043e \u0441\u0447\u0438\u0442\u0430\u0442\u044c\u0441\u044f \u0441 \u0441\u043e\u0431\u0435\u0441\u0435\u0434\u043d\u0438\u043a\u043e\u043c,&hellip;","og_url":"https:\/\/www.targaltinternetis.ee\/ru\/\u0434\u043b\u044f-\u0443\u0447\u0438\u0442\u0435\u043b\u0435\u0439\/\u0443\u0447\u0435\u0431\u043d\u044b\u0435-\u043c\u0430\u0442\u0435\u0440\u0438\u0430\u043b\u044b\/","og_site_name":"Targalt Internetis","article_publisher":"https:\/\/www.facebook.com\/Targaltinternetis","article_modified_time":"2015-12-29T12:51:15+00:00","twitter_card":"summary_large_image","schema":{"@context":"https:\/\/schema.org","@graph":[{"@type":"WebPage","@id":"https:\/\/www.targaltinternetis.ee\/ru\/%d0%b4%d0%bb%d1%8f-%d1%83%d1%87%d0%b8%d1%82%d0%b5%d0%bb%d0%b5%d0%b9\/%d1%83%d1%87%d0%b5%d0%b1%d0%bd%d1%8b%d0%b5-%d0%bc%d0%b0%d1%82%d0%b5%d1%80%d0%b8%d0%b0%d0%bb%d1%8b\/","url":"https:\/\/www.targaltinternetis.ee\/ru\/%d0%b4%d0%bb%d1%8f-%d1%83%d1%87%d0%b8%d1%82%d0%b5%d0%bb%d0%b5%d0%b9\/%d1%83%d1%87%d0%b5%d0%b1%d0%bd%d1%8b%d0%b5-%d0%bc%d0%b0%d1%82%d0%b5%d1%80%d0%b8%d0%b0%d0%bb%d1%8b\/","name":"\u0423\u0447\u0435\u0431\u043d\u044b\u0435 \u043c\u0430\u0442\u0435\u0440\u0438\u0430\u043b\u044b - Targalt Internetis","isPartOf":{"@id":"https:\/\/www.targaltinternetis.ee\/ru\/#website"},"datePublished":"2015-12-09T11:30:58+00:00","dateModified":"2015-12-29T12:51:15+00:00","breadcrumb":{"@id":"https:\/\/www.targaltinternetis.ee\/ru\/%d0%b4%d0%bb%d1%8f-%d1%83%d1%87%d0%b8%d1%82%d0%b5%d0%bb%d0%b5%d0%b9\/%d1%83%d1%87%d0%b5%d0%b1%d0%bd%d1%8b%d0%b5-%d0%bc%d0%b0%d1%82%d0%b5%d1%80%d0%b8%d0%b0%d0%bb%d1%8b\/#breadcrumb"},"inLanguage":"ru-RU","potentialAction":[{"@type":"ReadAction","target":["https:\/\/www.targaltinternetis.ee\/ru\/%d0%b4%d0%bb%d1%8f-%d1%83%d1%87%d0%b8%d1%82%d0%b5%d0%bb%d0%b5%d0%b9\/%d1%83%d1%87%d0%b5%d0%b1%d0%bd%d1%8b%d0%b5-%d0%bc%d0%b0%d1%82%d0%b5%d1%80%d0%b8%d0%b0%d0%bb%d1%8b\/"]}]},{"@type":"BreadcrumbList","@id":"https:\/\/www.targaltinternetis.ee\/ru\/%d0%b4%d0%bb%d1%8f-%d1%83%d1%87%d0%b8%d1%82%d0%b5%d0%bb%d0%b5%d0%b9\/%d1%83%d1%87%d0%b5%d0%b1%d0%bd%d1%8b%d0%b5-%d0%bc%d0%b0%d1%82%d0%b5%d1%80%d0%b8%d0%b0%d0%bb%d1%8b\/#breadcrumb","itemListElement":[{"@type":"ListItem","position":1,"name":"Home","item":"https:\/\/www.targaltinternetis.ee\/"},{"@type":"ListItem","position":2,"name":"\u0414\u043b\u044f \u0443\u0447\u0438\u0442\u0435\u043b\u0435\u0439","item":"https:\/\/www.targaltinternetis.ee\/ru\/%d0%b4%d0%bb%d1%8f-%d1%83%d1%87%d0%b8%d1%82%d0%b5%d0%bb%d0%b5%d0%b9\/"},{"@type":"ListItem","position":3,"name":"\u0423\u0447\u0435\u0431\u043d\u044b\u0435 \u043c\u0430\u0442\u0435\u0440\u0438\u0430\u043b\u044b"}]},{"@type":"WebSite","@id":"https:\/\/www.targaltinternetis.ee\/ru\/#website","url":"https:\/\/www.targaltinternetis.ee\/ru\/","name":"Targalt Internetis","description":"","potentialAction":[{"@type":"SearchAction","target":{"@type":"EntryPoint","urlTemplate":"https:\/\/www.targaltinternetis.ee\/ru\/?s={search_term_string}"},"query-input":{"@type":"PropertyValueSpecification","valueRequired":true,"valueName":"search_term_string"}}],"inLanguage":"ru-RU"}]}},"_links":{"self":[{"href":"https:\/\/www.targaltinternetis.ee\/ru\/wp-json\/wp\/v2\/pages\/1745","targetHints":{"allow":["GET"]}}],"collection":[{"href":"https:\/\/www.targaltinternetis.ee\/ru\/wp-json\/wp\/v2\/pages"}],"about":[{"href":"https:\/\/www.targaltinternetis.ee\/ru\/wp-json\/wp\/v2\/types\/page"}],"author":[{"embeddable":true,"href":"https:\/\/www.targaltinternetis.ee\/ru\/wp-json\/wp\/v2\/users\/1"}],"replies":[{"embeddable":true,"href":"https:\/\/www.targaltinternetis.ee\/ru\/wp-json\/wp\/v2\/comments?post=1745"}],"version-history":[{"count":2,"href":"https:\/\/www.targaltinternetis.ee\/ru\/wp-json\/wp\/v2\/pages\/1745\/revisions"}],"predecessor-version":[{"id":5915,"href":"https:\/\/www.targaltinternetis.ee\/ru\/wp-json\/wp\/v2\/pages\/1745\/revisions\/5915"}],"up":[{"embeddable":true,"href":"https:\/\/www.targaltinternetis.ee\/ru\/wp-json\/wp\/v2\/pages\/1743"}],"wp:attachment":[{"href":"https:\/\/www.targaltinternetis.ee\/ru\/wp-json\/wp\/v2\/media?parent=1745"}],"wp:term":[{"taxonomy":"post_tag","embeddable":true,"href":"https:\/\/www.targaltinternetis.ee\/ru\/wp-json\/wp\/v2\/tags?post=1745"}],"curies":[{"name":"wp","href":"https:\/\/api.w.org\/{rel}","templated":true}]}}